{"id":1358,"date":"2023-12-27T07:05:10","date_gmt":"2023-12-27T07:05:10","guid":{"rendered":"http:\/\/kutadguenerji.com\/?page_id=1358"},"modified":"2024-02-07T09:50:27","modified_gmt":"2024-02-07T09:50:27","slug":"ana-sayfa","status":"publish","type":"page","link":"https:\/\/kutadguenerji.com\/","title":{"rendered":"ANA SAYFA"},"content":{"rendered":"\t\t<div data-elementor-type=\"wp-page\" data-elementor-id=\"1358\" class=\"elementor elementor-1358\" data-elementor-post-type=\"page\">\n\t\t\t\t<div class=\"elementor-element elementor-element-bb3068a e-flex e-con-boxed e-con e-parent\" data-id=\"bb3068a\" data-element_type=\"container\">\n\t\t\t\t\t<div class=\"e-con-inner\">\n\t\t<div class=\"elementor-element elementor-element-e62af82 e-con-full e-flex e-con e-child\" data-id=\"e62af82\" data-element_type=\"container\">\n\t\t\t\t<\/div>\n\t\t\t\t\t<\/div>\n\t\t\t\t<\/div>\n\t\t<div class=\"elementor-element elementor-element-f0050a3 e-con-full e-flex e-con e-parent\" data-id=\"f0050a3\" data-element_type=\"container\">\n\t\t<div class=\"elementor-element elementor-element-ab8538d e-con-full e-flex e-con e-child\" data-id=\"ab8538d\" data-element_type=\"container\">\n\t\t\t\t<div class=\"elementor-element elementor-element-834e8b4 elementor-widget elementor-widget-text-editor\" data-id=\"834e8b4\" data-element_type=\"widget\" data-widget_type=\"text-editor.default\">\n\t\t\t\t<div class=\"elementor-widget-container\">\n\t\t\t\t\t\t\t\t\t<p>2013 y\u0131l\u0131nda kurulan Kutadgu Enerji Savunma Bili\u015fim Ticaret Anonim \u015eirketi kurumsal \u00e7\u00f6z\u00fcmleri en y\u00fcksek kalitede \u00fcretmek amac\u0131yla faaliyet g\u00f6steren bir m\u00fchendislik \u015firketidir.\u00a0 Enerji, Bili\u015fim ve Savunma olmak \u00fczere farkl\u0131 dinamiklere sahip faaliyet alanlar\u0131nda hizmetlerine devam etmektedir.<\/p><p>Enerji ihtiyac\u0131n\u0131n s\u00fcrekli artmas\u0131yla birlikte, do\u011fal kaynaklar\u0131m\u0131z\u0131n s\u0131n\u0131rl\u0131 oldu\u011fu ger\u00e7e\u011fiyle y\u00fczle\u015fiyoruz. Kutadgu Enerji, M\u00fchendislik-Tedarik-Yap\u0131m (EPC) \u015firketi olarak Yenilenebilir Enerji alan\u0131nda R\u00fczgar Enerjisi, G\u00fcne\u015f Enerjisi ,\u00a0Hidroelektrik ve Biyok\u00fctle Santrallerinin anahtar teslim m\u00fchendislik faaliyetlerinin yan\u0131 s\u0131ra bu alanda yat\u0131r\u0131m \u015firketi olarak konumland\u0131rmaktad\u0131r.<\/p><p>Microsoft\u2019un ISV\/Yaz\u0131l\u0131m \u00c7\u00f6z\u00fcmleri Uzman\u0131 olan Kutadgu, Oracle ve IBM gibi d\u00fcnyan\u0131n lider kurulu\u015flar\u0131 ile \u00e7\u00f6z\u00fcm ortakl\u0131klar\u0131 olu\u015fturarak yaz\u0131l\u0131m sekt\u00f6r\u00fcnde \u00f6nc\u00fc rol oynamak ve amac\u0131na ula\u015fmak ad\u0131na \u00f6nemli bir ad\u0131m atm\u0131\u015ft\u0131r. Ayr\u0131ca ulusal ve uluslararas\u0131 alanda bir\u00e7ok teknoloji firmas\u0131yla ortak projeler y\u00fcr\u00fctmektedir. Kutadgu, bilim ve teknolojinin geli\u015fmesine katk\u0131 sa\u011flayacak yeni bilgiler elde etmek, mevcut bilgilerle yeni teknoloji, \u00fcr\u00fcn ve ara\u00e7lar \u00fcretmek, yeni sistem ve s\u00fcre\u00e7ler olu\u015fturmak amac\u0131yla \u00e7al\u0131\u015fmalar\u0131n\u0131 s\u00fcrd\u00fcrmektedir.<\/p><p>Gen\u00e7, dinamik ve esnek yap\u0131s\u0131yla m\u00fc\u015fteri ihtiya\u00e7lar\u0131n\u0131n gerektirdi\u011fi t\u00fcm yeniliklere h\u0131zl\u0131ca adapte olabilmekte ve istenen \u00e7\u00f6z\u00fcmleri h\u0131zl\u0131 bir \u015fekilde \u00fcretebilmektedir. Bu anlamda Kutadgu, deneyimli m\u00fchendislik ve dan\u0131\u015fman kadrosuyla elde etti\u011fi sayg\u0131n ve ba\u015far\u0131l\u0131 konumunu s\u00fcrekli geli\u015ftirmekte, uluslararas\u0131 standartlarda \u00fcretti\u011fi projelerle ileri teknoloji \u015firketi vizyonuyla liderlik konumuna her ge\u00e7en g\u00fcn daha da yakla\u015fmaktad\u0131r.<\/p>\t\t\t\t\t\t\t\t<\/div>\n\t\t\t\t<\/div>\n\t\t\t\t<\/div>\n\t\t<div class=\"elementor-element elementor-element-cbff1b2 e-con-full e-flex e-con e-child\" data-id=\"cbff1b2\" data-element_type=\"container\">\n\t\t\t\t<div class=\"elementor-element elementor-element-69a561d elementor-widget__width-initial elementor-widget elementor-widget-image\" data-id=\"69a561d\" data-element_type=\"widget\" data-settings=\"{&quot;motion_fx_motion_fx_mouse&quot;:&quot;yes&quot;,&quot;motion_fx_mouseTrack_effect&quot;:&quot;yes&quot;,&quot;motion_fx_mouseTrack_speed&quot;:{&quot;unit&quot;:&quot;px&quot;,&quot;size&quot;:0,&quot;sizes&quot;:[]},&quot;motion_fx_tilt_effect&quot;:&quot;yes&quot;,&quot;motion_fx_tilt_speed&quot;:{&quot;unit&quot;:&quot;px&quot;,&quot;size&quot;:4,&quot;sizes&quot;:[]}}\" data-widget_type=\"image.default\">\n\t\t\t\t<div class=\"elementor-widget-container\">\n\t\t\t\t\t\t\t\t\t\t\t\t\t\t\t<img fetchpriority=\"high\" decoding=\"async\" width=\"600\" height=\"800\" src=\"https:\/\/kutadguenerji.com\/wp-content\/uploads\/2024\/01\/600x800.jpg\" class=\"attachment-large size-large wp-image-2370\" alt=\"\" srcset=\"https:\/\/kutadguenerji.com\/wp-content\/uploads\/2024\/01\/600x800.jpg 600w, https:\/\/kutadguenerji.com\/wp-content\/uploads\/2024\/01\/600x800-225x300.jpg 225w\" sizes=\"(max-width: 600px) 100vw, 600px\" \/>\t\t\t\t\t\t\t\t\t\t\t\t\t\t\t<\/div>\n\t\t\t\t<\/div>\n\t\t\t\t<\/div>\n\t\t\t\t<\/div>\n\t\t<div class=\"elementor-element elementor-element-2e4fc1c e-flex e-con-boxed e-con e-parent\" data-id=\"2e4fc1c\" data-element_type=\"container\">\n\t\t\t\t\t<div class=\"e-con-inner\">\n\t\t\t\t<div class=\"elementor-element elementor-element-3cc628c elementor-widget elementor-widget-spacer\" data-id=\"3cc628c\" data-element_type=\"widget\" data-widget_type=\"spacer.default\">\n\t\t\t\t<div class=\"elementor-widget-container\">\n\t\t\t\t\t\t\t<div class=\"elementor-spacer\">\n\t\t\t<div class=\"elementor-spacer-inner\"><\/div>\n\t\t<\/div>\n\t\t\t\t\t\t<\/div>\n\t\t\t\t<\/div>\n\t\t\t\t\t<\/div>\n\t\t\t\t<\/div>\n\t\t<div class=\"elementor-element elementor-element-16aa225 e-flex e-con-boxed e-con e-parent\" data-id=\"16aa225\" data-element_type=\"container\">\n\t\t\t\t\t<div class=\"e-con-inner\">\n\t\t<div class=\"elementor-element elementor-element-cb76721 e-con-full e-flex e-con e-child\" data-id=\"cb76721\" data-element_type=\"container\">\n\t\t\t\t<div class=\"elementor-element elementor-element-d7718e5 elementor-invisible elementor-widget elementor-widget-image\" data-id=\"d7718e5\" data-element_type=\"widget\" data-settings=\"{&quot;motion_fx_motion_fx_mouse&quot;:&quot;yes&quot;,&quot;motion_fx_mouseTrack_effect&quot;:&quot;yes&quot;,&quot;motion_fx_tilt_effect&quot;:&quot;yes&quot;,&quot;_animation&quot;:&quot;fadeIn&quot;,&quot;motion_fx_mouseTrack_speed&quot;:{&quot;unit&quot;:&quot;px&quot;,&quot;size&quot;:1,&quot;sizes&quot;:[]},&quot;motion_fx_tilt_speed&quot;:{&quot;unit&quot;:&quot;px&quot;,&quot;size&quot;:4,&quot;sizes&quot;:[]}}\" data-widget_type=\"image.default\">\n\t\t\t\t<div class=\"elementor-widget-container\">\n\t\t\t\t\t\t\t\t\t\t\t\t<figure class=\"wp-caption\">\n\t\t\t\t\t\t\t\t\t\t\t<a href=\"http:\/\/kutadguenerji.com\/index.php\/enerji-2\/\">\n\t\t\t\t\t\t\t<img decoding=\"async\" width=\"640\" height=\"426\" src=\"https:\/\/kutadguenerji.com\/wp-content\/uploads\/2023\/12\/Enerji-1024x681.jpeg\" class=\"elementor-animation-pulse attachment-large size-large wp-image-1712\" alt=\"\" srcset=\"https:\/\/kutadguenerji.com\/wp-content\/uploads\/2023\/12\/Enerji-1024x681.jpeg 1024w, https:\/\/kutadguenerji.com\/wp-content\/uploads\/2023\/12\/Enerji-300x200.jpeg 300w, https:\/\/kutadguenerji.com\/wp-content\/uploads\/2023\/12\/Enerji-768x511.jpeg 768w, https:\/\/kutadguenerji.com\/wp-content\/uploads\/2023\/12\/Enerji-1536x1022.jpeg 1536w, https:\/\/kutadguenerji.com\/wp-content\/uploads\/2023\/12\/Enerji.jpeg 1623w\" sizes=\"(max-width: 640px) 100vw, 640px\" \/>\t\t\t\t\t\t\t\t<\/a>\n\t\t\t\t\t\t\t\t\t\t\t<figcaption class=\"widget-image-caption wp-caption-text\">Enerji<\/figcaption>\n\t\t\t\t\t\t\t\t\t\t<\/figure>\n\t\t\t\t\t\t\t\t\t<\/div>\n\t\t\t\t<\/div>\n\t\t\t\t<\/div>\n\t\t<div class=\"elementor-element elementor-element-832c68b e-con-full e-flex e-con e-child\" data-id=\"832c68b\" data-element_type=\"container\">\n\t\t\t\t<div class=\"elementor-element elementor-element-1e1c94d elementor-invisible elementor-widget elementor-widget-image\" data-id=\"1e1c94d\" data-element_type=\"widget\" data-settings=\"{&quot;motion_fx_motion_fx_mouse&quot;:&quot;yes&quot;,&quot;_animation&quot;:&quot;fadeIn&quot;,&quot;motion_fx_tilt_effect&quot;:&quot;yes&quot;,&quot;motion_fx_tilt_speed&quot;:{&quot;unit&quot;:&quot;px&quot;,&quot;size&quot;:4,&quot;sizes&quot;:[]}}\" data-widget_type=\"image.default\">\n\t\t\t\t<div class=\"elementor-widget-container\">\n\t\t\t\t\t\t\t\t\t\t\t\t<figure class=\"wp-caption\">\n\t\t\t\t\t\t\t\t\t\t\t<a href=\"http:\/\/kutadguenerji.com\/index.php\/savunma-2\/\">\n\t\t\t\t\t\t\t<img decoding=\"async\" width=\"640\" height=\"417\" src=\"https:\/\/kutadguenerji.com\/wp-content\/uploads\/2023\/12\/Savunma-copy-1024x667.jpg\" class=\"elementor-animation-pulse attachment-large size-large wp-image-1713\" alt=\"\" srcset=\"https:\/\/kutadguenerji.com\/wp-content\/uploads\/2023\/12\/Savunma-copy-1024x667.jpg 1024w, https:\/\/kutadguenerji.com\/wp-content\/uploads\/2023\/12\/Savunma-copy-300x195.jpg 300w, https:\/\/kutadguenerji.com\/wp-content\/uploads\/2023\/12\/Savunma-copy-768x500.jpg 768w, https:\/\/kutadguenerji.com\/wp-content\/uploads\/2023\/12\/Savunma-copy-1536x1000.jpg 1536w, https:\/\/kutadguenerji.com\/wp-content\/uploads\/2023\/12\/Savunma-copy.jpg 1820w\" sizes=\"(max-width: 640px) 100vw, 640px\" \/>\t\t\t\t\t\t\t\t<\/a>\n\t\t\t\t\t\t\t\t\t\t\t<figcaption class=\"widget-image-caption wp-caption-text\">Savunma<\/figcaption>\n\t\t\t\t\t\t\t\t\t\t<\/figure>\n\t\t\t\t\t\t\t\t\t<\/div>\n\t\t\t\t<\/div>\n\t\t\t\t<\/div>\n\t\t<div class=\"elementor-element elementor-element-c9fa770 e-con-full e-flex e-con e-child\" data-id=\"c9fa770\" data-element_type=\"container\">\n\t\t\t\t<div class=\"elementor-element elementor-element-3461e8f elementor-invisible elementor-widget elementor-widget-image\" data-id=\"3461e8f\" data-element_type=\"widget\" data-settings=\"{&quot;motion_fx_motion_fx_mouse&quot;:&quot;yes&quot;,&quot;_animation&quot;:&quot;fadeIn&quot;,&quot;motion_fx_mouseTrack_effect&quot;:&quot;yes&quot;,&quot;motion_fx_tilt_effect&quot;:&quot;yes&quot;,&quot;motion_fx_mouseTrack_speed&quot;:{&quot;unit&quot;:&quot;px&quot;,&quot;size&quot;:1,&quot;sizes&quot;:[]},&quot;motion_fx_tilt_speed&quot;:{&quot;unit&quot;:&quot;px&quot;,&quot;size&quot;:4,&quot;sizes&quot;:[]}}\" data-widget_type=\"image.default\">\n\t\t\t\t<div class=\"elementor-widget-container\">\n\t\t\t\t\t\t\t\t\t\t\t\t<figure class=\"wp-caption\">\n\t\t\t\t\t\t\t\t\t\t\t<a href=\"http:\/\/kutadguenerji.com\/index.php\/bilisim-2\/\">\n\t\t\t\t\t\t\t<img loading=\"lazy\" decoding=\"async\" width=\"640\" height=\"427\" src=\"https:\/\/kutadguenerji.com\/wp-content\/uploads\/2023\/12\/3e8ea960694b21d78937038365b0a14f-1024x683.jpg\" class=\"elementor-animation-pulse attachment-large size-large wp-image-1714\" alt=\"\" srcset=\"https:\/\/kutadguenerji.com\/wp-content\/uploads\/2023\/12\/3e8ea960694b21d78937038365b0a14f-1024x683.jpg 1024w, https:\/\/kutadguenerji.com\/wp-content\/uploads\/2023\/12\/3e8ea960694b21d78937038365b0a14f-300x200.jpg 300w, https:\/\/kutadguenerji.com\/wp-content\/uploads\/2023\/12\/3e8ea960694b21d78937038365b0a14f-768x512.jpg 768w, https:\/\/kutadguenerji.com\/wp-content\/uploads\/2023\/12\/3e8ea960694b21d78937038365b0a14f-1536x1024.jpg 1536w, https:\/\/kutadguenerji.com\/wp-content\/uploads\/2023\/12\/3e8ea960694b21d78937038365b0a14f.jpg 1800w\" sizes=\"(max-width: 640px) 100vw, 640px\" \/>\t\t\t\t\t\t\t\t<\/a>\n\t\t\t\t\t\t\t\t\t\t\t<figcaption class=\"widget-image-caption wp-caption-text\">Bili\u015fim<\/figcaption>\n\t\t\t\t\t\t\t\t\t\t<\/figure>\n\t\t\t\t\t\t\t\t\t<\/div>\n\t\t\t\t<\/div>\n\t\t\t\t<\/div>\n\t\t\t\t\t<\/div>\n\t\t\t\t<\/div>\n\t\t<div class=\"elementor-element elementor-element-40da305 e-flex e-con-boxed e-con e-parent\" data-id=\"40da305\" data-element_type=\"container\">\n\t\t\t\t\t<div class=\"e-con-inner\">\n\t\t\t\t<div class=\"elementor-element elementor-element-c32d531 elementor-widget elementor-widget-spacer\" data-id=\"c32d531\" data-element_type=\"widget\" data-widget_type=\"spacer.default\">\n\t\t\t\t<div class=\"elementor-widget-container\">\n\t\t\t\t\t\t\t<div class=\"elementor-spacer\">\n\t\t\t<div class=\"elementor-spacer-inner\"><\/div>\n\t\t<\/div>\n\t\t\t\t\t\t<\/div>\n\t\t\t\t<\/div>\n\t\t\t\t\t<\/div>\n\t\t\t\t<\/div>\n\t\t<div class=\"elementor-element elementor-element-2c0bdb3 e-con-full e-flex e-con e-parent\" data-id=\"2c0bdb3\" data-element_type=\"container\">\n\t\t\t\t<div class=\"elementor-element elementor-element-a71a5cb elementor-widget elementor-widget-video\" data-id=\"a71a5cb\" data-element_type=\"widget\" data-settings=\"{&quot;video_type&quot;:&quot;hosted&quot;,&quot;motion_fx_motion_fx_scrolling&quot;:&quot;yes&quot;,&quot;motion_fx_motion_fx_mouse&quot;:&quot;yes&quot;,&quot;motion_fx_mouseTrack_effect&quot;:&quot;yes&quot;,&quot;motion_fx_tilt_effect&quot;:&quot;yes&quot;,&quot;autoplay&quot;:&quot;yes&quot;,&quot;controls&quot;:&quot;yes&quot;,&quot;motion_fx_devices&quot;:[&quot;desktop&quot;,&quot;tablet&quot;,&quot;mobile&quot;],&quot;motion_fx_mouseTrack_speed&quot;:{&quot;unit&quot;:&quot;px&quot;,&quot;size&quot;:1,&quot;sizes&quot;:[]},&quot;motion_fx_tilt_speed&quot;:{&quot;unit&quot;:&quot;px&quot;,&quot;size&quot;:4,&quot;sizes&quot;:[]}}\" data-widget_type=\"video.default\">\n\t\t\t\t<div class=\"elementor-widget-container\">\n\t\t\t\t\t\t\t<div class=\"e-hosted-video elementor-wrapper elementor-open-inline\">\n\t\t\t\t\t<video class=\"elementor-video\" src=\"http:\/\/kutadguenerji.com\/wp-content\/uploads\/2024\/02\/Kutadgu-Enerji-_3Logolu_.mp4\" autoplay=\"\" controls=\"\" controlsList=\"nodownload\"><\/video>\n\t\t\t\t<\/div>\n\t\t\t\t\t\t<\/div>\n\t\t\t\t<\/div>\n\t\t\t\t<\/div>\n\t\t<div class=\"elementor-element elementor-element-d9e0c89 e-flex e-con-boxed e-con e-parent\" data-id=\"d9e0c89\" data-element_type=\"container\">\n\t\t\t\t\t<div class=\"e-con-inner\">\n\t\t\t\t<div class=\"elementor-element elementor-element-ac0fba1 elementor-widget elementor-widget-spacer\" data-id=\"ac0fba1\" data-element_type=\"widget\" data-widget_type=\"spacer.default\">\n\t\t\t\t<div class=\"elementor-widget-container\">\n\t\t\t\t\t\t\t<div class=\"elementor-spacer\">\n\t\t\t<div class=\"elementor-spacer-inner\"><\/div>\n\t\t<\/div>\n\t\t\t\t\t\t<\/div>\n\t\t\t\t<\/div>\n\t\t\t\t\t<\/div>\n\t\t\t\t<\/div>\n\t\t<div class=\"elementor-element elementor-element-f094b17 e-flex e-con-boxed e-con e-parent\" data-id=\"f094b17\" data-element_type=\"container\">\n\t\t\t\t\t<div class=\"e-con-inner\">\n\t\t\t\t<div class=\"elementor-element elementor-element-432566a elementor-widget elementor-widget-heading\" data-id=\"432566a\" data-element_type=\"widget\" data-widget_type=\"heading.default\">\n\t\t\t\t<div class=\"elementor-widget-container\">\n\t\t\t\t\t<h2 class=\"elementor-heading-title elementor-size-large\">Referanslar\u0131m\u0131z<\/h2>\t\t\t\t<\/div>\n\t\t\t\t<\/div>\n\t\t\t\t\t<\/div>\n\t\t\t\t<\/div>\n\t\t<div class=\"elementor-element elementor-element-9fa412f e-flex e-con-boxed e-con e-parent\" data-id=\"9fa412f\" data-element_type=\"container\">\n\t\t\t\t\t<div class=\"e-con-inner\">\n\t\t\t\t<div class=\"elementor-element elementor-element-68a0f3e elementor-testimonial--skin-bubble elementor-testimonial--layout-image_inline elementor-testimonial--align-center elementor-pagination-type-bullets elementor-widget elementor-widget-testimonial-carousel\" data-id=\"68a0f3e\" data-element_type=\"widget\" data-settings=\"{&quot;slides_per_view&quot;:&quot;5&quot;,&quot;speed&quot;:1000,&quot;autoplay_speed&quot;:6000,&quot;pagination&quot;:&quot;bullets&quot;,&quot;autoplay&quot;:&quot;yes&quot;,&quot;loop&quot;:&quot;yes&quot;,&quot;pause_on_hover&quot;:&quot;yes&quot;,&quot;pause_on_interaction&quot;:&quot;yes&quot;,&quot;space_between&quot;:{&quot;unit&quot;:&quot;px&quot;,&quot;size&quot;:10,&quot;sizes&quot;:[]},&quot;space_between_tablet&quot;:{&quot;unit&quot;:&quot;px&quot;,&quot;size&quot;:10,&quot;sizes&quot;:[]},&quot;space_between_mobile&quot;:{&quot;unit&quot;:&quot;px&quot;,&quot;size&quot;:10,&quot;sizes&quot;:[]}}\" data-widget_type=\"testimonial-carousel.default\">\n\t\t\t\t<div class=\"elementor-widget-container\">\n\t\t\t\t\t\t\t\t\t<div class=\"elementor-swiper\">\n\t\t\t\t\t<div class=\"elementor-main-swiper swiper\" role=\"region\" aria-roledescription=\"carousel\" aria-label=\"Slides\">\n\t\t\t\t<div class=\"swiper-wrapper\">\n\t\t\t\t\t\t\t\t\t\t\t<div class=\"swiper-slide\" role=\"group\" aria-roledescription=\"slide\">\n\t\t\t\t\t\t\t\t\t<div class=\"elementor-testimonial\">\n\t\t\t\t\t\t<div class=\"elementor-testimonial__footer\">\n\t\t\t\t\t\t\t\t\t<div class=\"elementor-testimonial__image\">\n\t\t\t\t\t\t<img decoding=\"async\" src=\"https:\/\/kutadguenerji.com\/wp-content\/uploads\/2023\/12\/TubitakLogo-300x225.jpg\" alt=\"\">\n\t\t\t\t\t\t\t\t\t\t\t<\/div>\n\t\t\t\t\t\t\t\t\t\t\t<\/div>\n\t\t<\/div>\n\t\t\t\t\t\t\t\t<\/div>\n\t\t\t\t\t\t\t\t\t\t\t<div class=\"swiper-slide\" role=\"group\" aria-roledescription=\"slide\">\n\t\t\t\t\t\t\t\t\t<div class=\"elementor-testimonial\">\n\t\t\t\t\t\t<div class=\"elementor-testimonial__footer\">\n\t\t\t\t\t\t\t\t\t<div class=\"elementor-testimonial__image\">\n\t\t\t\t\t\t<img decoding=\"async\" src=\"https:\/\/kutadguenerji.com\/wp-content\/uploads\/2023\/12\/TeorleMucadele-300x225.jpg\" alt=\"\">\n\t\t\t\t\t\t\t\t\t\t\t<\/div>\n\t\t\t\t\t\t\t\t\t\t\t<\/div>\n\t\t<\/div>\n\t\t\t\t\t\t\t\t<\/div>\n\t\t\t\t\t\t\t\t\t\t\t<div class=\"swiper-slide\" role=\"group\" aria-roledescription=\"slide\">\n\t\t\t\t\t\t\t\t\t<div class=\"elementor-testimonial\">\n\t\t\t\t\t\t<div class=\"elementor-testimonial__footer\">\n\t\t\t\t\t\t\t\t\t<div class=\"elementor-testimonial__image\">\n\t\t\t\t\t\t<img decoding=\"async\" src=\"https:\/\/kutadguenerji.com\/wp-content\/uploads\/2023\/12\/MaliyeBakanligi_Mockup-300x225.jpg\" alt=\"\">\n\t\t\t\t\t\t\t\t\t\t\t<\/div>\n\t\t\t\t\t\t\t\t\t\t\t<\/div>\n\t\t<\/div>\n\t\t\t\t\t\t\t\t<\/div>\n\t\t\t\t\t\t\t\t\t\t\t<div class=\"swiper-slide\" role=\"group\" aria-roledescription=\"slide\">\n\t\t\t\t\t\t\t\t\t<div class=\"elementor-testimonial\">\n\t\t\t\t\t\t<div class=\"elementor-testimonial__footer\">\n\t\t\t\t\t\t\t\t\t<div class=\"elementor-testimonial__image\">\n\t\t\t\t\t\t<img decoding=\"async\" src=\"https:\/\/kutadguenerji.com\/wp-content\/uploads\/2023\/12\/TurkiyePetrolleri_Mockup-300x225.jpg\" alt=\"\">\n\t\t\t\t\t\t\t\t\t\t\t<\/div>\n\t\t\t\t\t\t\t\t\t\t\t<\/div>\n\t\t<\/div>\n\t\t\t\t\t\t\t\t<\/div>\n\t\t\t\t\t\t\t\t\t\t\t<div class=\"swiper-slide\" role=\"group\" aria-roledescription=\"slide\">\n\t\t\t\t\t\t\t\t\t<div class=\"elementor-testimonial\">\n\t\t\t\t\t\t<div class=\"elementor-testimonial__footer\">\n\t\t\t\t\t\t\t\t\t<div class=\"elementor-testimonial__image\">\n\t\t\t\t\t\t<img decoding=\"async\" src=\"https:\/\/kutadguenerji.com\/wp-content\/uploads\/2023\/12\/Tubitak_Mockup-300x225.jpg\" alt=\"\">\n\t\t\t\t\t\t\t\t\t\t\t<\/div>\n\t\t\t\t\t\t\t\t\t\t\t<\/div>\n\t\t<\/div>\n\t\t\t\t\t\t\t\t<\/div>\n\t\t\t\t\t\t\t\t\t\t\t<div class=\"swiper-slide\" role=\"group\" aria-roledescription=\"slide\">\n\t\t\t\t\t\t\t\t\t<div class=\"elementor-testimonial\">\n\t\t\t\t\t\t<div class=\"elementor-testimonial__footer\">\n\t\t\t\t\t\t\t\t\t<div class=\"elementor-testimonial__image\">\n\t\t\t\t\t\t<img decoding=\"async\" src=\"https:\/\/kutadguenerji.com\/wp-content\/uploads\/2023\/12\/Mesa_Mockup-300x225.jpg\" alt=\"\">\n\t\t\t\t\t\t\t\t\t\t\t<\/div>\n\t\t\t\t\t\t\t\t\t\t\t<\/div>\n\t\t<\/div>\n\t\t\t\t\t\t\t\t<\/div>\n\t\t\t\t\t\t\t\t\t\t\t<div class=\"swiper-slide\" role=\"group\" aria-roledescription=\"slide\">\n\t\t\t\t\t\t\t\t\t<div class=\"elementor-testimonial\">\n\t\t\t\t\t\t<div class=\"elementor-testimonial__footer\">\n\t\t\t\t\t\t\t\t\t<div class=\"elementor-testimonial__image\">\n\t\t\t\t\t\t<img decoding=\"async\" src=\"https:\/\/kutadguenerji.com\/wp-content\/uploads\/2023\/12\/TurkPatent_Mockup-300x225.jpg\" alt=\"\">\n\t\t\t\t\t\t\t\t\t\t\t<\/div>\n\t\t\t\t\t\t\t\t\t\t\t<\/div>\n\t\t<\/div>\n\t\t\t\t\t\t\t\t<\/div>\n\t\t\t\t\t\t\t\t\t\t\t<div class=\"swiper-slide\" role=\"group\" aria-roledescription=\"slide\">\n\t\t\t\t\t\t\t\t\t<div class=\"elementor-testimonial\">\n\t\t\t\t\t\t<div class=\"elementor-testimonial__footer\">\n\t\t\t\t\t\t\t\t\t<div class=\"elementor-testimonial__image\">\n\t\t\t\t\t\t<img decoding=\"async\" src=\"https:\/\/kutadguenerji.com\/wp-content\/uploads\/2024\/01\/MIlli-Savunma-Bakanligi-Amblem-300x300.png\" alt=\"\">\n\t\t\t\t\t\t\t\t\t\t\t<\/div>\n\t\t\t\t\t\t\t\t\t\t\t<\/div>\n\t\t<\/div>\n\t\t\t\t\t\t\t\t<\/div>\n\t\t\t\t\t\t\t\t\t\t\t<div class=\"swiper-slide\" role=\"group\" aria-roledescription=\"slide\">\n\t\t\t\t\t\t\t\t\t<div class=\"elementor-testimonial\">\n\t\t\t\t\t\t<div class=\"elementor-testimonial__footer\">\n\t\t\t\t\t\t\t\t\t<div class=\"elementor-testimonial__image\">\n\t\t\t\t\t\t<img decoding=\"async\" src=\"https:\/\/kutadguenerji.com\/wp-content\/uploads\/2024\/01\/Icisleri-Bakanligi-Amblem-300x300.png\" alt=\"\">\n\t\t\t\t\t\t\t\t\t\t\t<\/div>\n\t\t\t\t\t\t\t\t\t\t\t<\/div>\n\t\t<\/div>\n\t\t\t\t\t\t\t\t<\/div>\n\t\t\t\t\t\t\t\t\t\t\t<div class=\"swiper-slide\" role=\"group\" aria-roledescription=\"slide\">\n\t\t\t\t\t\t\t\t\t<div class=\"elementor-testimonial\">\n\t\t\t\t\t\t<div class=\"elementor-testimonial__footer\">\n\t\t\t\t\t\t\t\t\t<div class=\"elementor-testimonial__image\">\n\t\t\t\t\t\t<img decoding=\"async\" src=\"https:\/\/kutadguenerji.com\/wp-content\/uploads\/2024\/01\/hazine-ve-makliye-Bakanligi-Amblem-300x300.png\" alt=\"\">\n\t\t\t\t\t\t\t\t\t\t\t<\/div>\n\t\t\t\t\t\t\t\t\t\t\t<\/div>\n\t\t<\/div>\n\t\t\t\t\t\t\t\t<\/div>\n\t\t\t\t\t\t\t\t\t\t\t<div class=\"swiper-slide\" role=\"group\" aria-roledescription=\"slide\">\n\t\t\t\t\t\t\t\t\t<div class=\"elementor-testimonial\">\n\t\t\t\t\t\t<div class=\"elementor-testimonial__footer\">\n\t\t\t\t\t\t\t\t\t<div class=\"elementor-testimonial__image\">\n\t\t\t\t\t\t<img decoding=\"async\" src=\"https:\/\/kutadguenerji.com\/wp-content\/uploads\/2024\/01\/ENER-JI-Amblem-300x300.png\" alt=\"\">\n\t\t\t\t\t\t\t\t\t\t\t<\/div>\n\t\t\t\t\t\t\t\t\t\t\t<\/div>\n\t\t<\/div>\n\t\t\t\t\t\t\t\t<\/div>\n\t\t\t\t\t\t\t\t\t\t\t<div class=\"swiper-slide\" role=\"group\" aria-roledescription=\"slide\">\n\t\t\t\t\t\t\t\t\t<div class=\"elementor-testimonial\">\n\t\t\t\t\t\t<div class=\"elementor-testimonial__footer\">\n\t\t\t\t\t\t\t\t\t<div class=\"elementor-testimonial__image\">\n\t\t\t\t\t\t<img decoding=\"async\" src=\"https:\/\/kutadguenerji.com\/wp-content\/uploads\/2024\/01\/Emblem_of_the_Presidency_of_Turkey-300x300.png\" alt=\"\">\n\t\t\t\t\t\t\t\t\t\t\t<\/div>\n\t\t\t\t\t\t\t\t\t\t\t<\/div>\n\t\t<\/div>\n\t\t\t\t\t\t\t\t<\/div>\n\t\t\t\t\t\t\t\t\t\t\t<div class=\"swiper-slide\" role=\"group\" aria-roledescription=\"slide\">\n\t\t\t\t\t\t\t\t\t<div class=\"elementor-testimonial\">\n\t\t\t\t\t\t<div class=\"elementor-testimonial__footer\">\n\t\t\t\t\t\t\t\t\t<div class=\"elementor-testimonial__image\">\n\t\t\t\t\t\t<img decoding=\"async\" src=\"https:\/\/kutadguenerji.com\/wp-content\/uploads\/2024\/01\/194x194_Istanbul.png\" alt=\"\">\n\t\t\t\t\t\t\t\t\t\t\t<\/div>\n\t\t\t\t\t\t\t\t\t\t\t<\/div>\n\t\t<\/div>\n\t\t\t\t\t\t\t\t<\/div>\n\t\t\t\t\t\t\t\t\t\t\t<div class=\"swiper-slide\" role=\"group\" aria-roledescription=\"slide\">\n\t\t\t\t\t\t\t\t\t<div class=\"elementor-testimonial\">\n\t\t\t\t\t\t<div class=\"elementor-testimonial__footer\">\n\t\t\t\t\t\t\t\t\t<div class=\"elementor-testimonial__image\">\n\t\t\t\t\t\t<img decoding=\"async\" src=\"https:\/\/kutadguenerji.com\/wp-content\/uploads\/2024\/02\/ErciyesAnadolu-300x225.jpg\" alt=\"John Doe\">\n\t\t\t\t\t\t\t\t\t\t\t<\/div>\n\t\t\t\t\t\t\t\t<cite class=\"elementor-testimonial__cite\"><span class=\"elementor-testimonial__name\">John Doe<\/span><span class=\"elementor-testimonial__title\">CEO<\/span><\/cite>\t\t\t<\/div>\n\t\t<\/div>\n\t\t\t\t\t\t\t\t<\/div>\n\t\t\t\t\t\t\t\t\t<\/div>\n\t\t\t\t\t\t\t\t\t\t\t\t\t\t\t\t\t\t\t\t<div class=\"swiper-pagination\"><\/div>\n\t\t\t\t\t\t\t\t\t\t\t\t<\/div>\n\t\t\t\t<\/div>\n\t\t\t\t\t\t\t\t<\/div>\n\t\t\t\t<\/div>\n\t\t\t\t\t<\/div>\n\t\t\t\t<\/div>\n\t\t\t\t<\/div>\n\t\t","protected":false},"excerpt":{"rendered":"<p>2013 y\u0131l\u0131nda kurulan Kutadgu Enerji Savunma Bili\u015fim Ticaret Anonim \u015eirketi kurumsal \u00e7\u00f6z\u00fcmleri en y\u00fcksek kalitede \u00fcretmek amac\u0131yla faaliyet g\u00f6steren bir m\u00fchendislik \u015firketidir.\u00a0 Enerji, Bili\u015fim ve Savunma olmak \u00fczere farkl\u0131 dinamiklere sahip faaliyet alanlar\u0131nda hizmetlerine devam etmektedir. Enerji ihtiyac\u0131n\u0131n s\u00fcrekli artmas\u0131yla birlikte, do\u011fal kaynaklar\u0131m\u0131z\u0131n s\u0131n\u0131rl\u0131 oldu\u011fu ger\u00e7e\u011fiyle y\u00fczle\u015fiyoruz. Kutadgu Enerji, M\u00fchendislik-Tedarik-Yap\u0131m (EPC) \u015firketi olarak Yenilenebilir Enerji [&hellip;]<\/p>\n","protected":false},"author":1,"featured_media":0,"parent":0,"menu_order":0,"comment_status":"closed","ping_status":"closed","template":"","meta":{"_monsterinsights_skip_tracking":false,"_monsterinsights_sitenote_active":false,"_monsterinsights_sitenote_note":"","_monsterinsights_sitenote_category":0,"footnotes":""},"aioseo_notices":[],"_links":{"self":[{"href":"https:\/\/kutadguenerji.com\/index.php\/wp-json\/wp\/v2\/pages\/1358"}],"collection":[{"href":"https:\/\/kutadguenerji.com\/index.php\/wp-json\/wp\/v2\/pages"}],"about":[{"href":"https:\/\/kutadguenerji.com\/index.php\/wp-json\/wp\/v2\/types\/page"}],"author":[{"embeddable":true,"href":"https:\/\/kutadguenerji.com\/index.php\/wp-json\/wp\/v2\/users\/1"}],"replies":[{"embeddable":true,"href":"https:\/\/kutadguenerji.com\/index.php\/wp-json\/wp\/v2\/comments?post=1358"}],"version-history":[{"count":161,"href":"https:\/\/kutadguenerji.com\/index.php\/wp-json\/wp\/v2\/pages\/1358\/revisions"}],"predecessor-version":[{"id":2601,"href":"https:\/\/kutadguenerji.com\/index.php\/wp-json\/wp\/v2\/pages\/1358\/revisions\/2601"}],"wp:attachment":[{"href":"https:\/\/kutadguenerji.com\/index.php\/wp-json\/wp\/v2\/media?parent=1358"}],"curies":[{"name":"wp","href":"https:\/\/api.w.org\/{rel}","templated":true}]}}