{"id":1854,"date":"2024-01-16T10:56:06","date_gmt":"2024-01-16T10:56:06","guid":{"rendered":"http:\/\/kutadguenerji.com\/?page_id=1854"},"modified":"2024-02-02T11:15:44","modified_gmt":"2024-02-02T11:15:44","slug":"hakkimizda","status":"publish","type":"page","link":"https:\/\/kutadguenerji.com\/index.php\/hakkimizda\/","title":{"rendered":"HAKKIMIZDA"},"content":{"rendered":"\t\t<div data-elementor-type=\"wp-page\" data-elementor-id=\"1854\" class=\"elementor elementor-1854\" data-elementor-post-type=\"page\">\n\t\t\t\t<div class=\"elementor-element elementor-element-8ed2132 e-flex e-con-boxed e-con e-parent\" data-id=\"8ed2132\" data-element_type=\"container\">\n\t\t\t\t\t<div class=\"e-con-inner\">\n\t\t\t\t\t<\/div>\n\t\t\t\t<\/div>\n\t\t<div class=\"elementor-element elementor-element-d76ae60 e-flex e-con-boxed e-con e-parent\" data-id=\"d76ae60\" data-element_type=\"container\">\n\t\t\t\t\t<div class=\"e-con-inner\">\n\t\t\t\t<div class=\"elementor-element elementor-element-1360f4a elementor-widget elementor-widget-spacer\" data-id=\"1360f4a\" data-element_type=\"widget\" data-widget_type=\"spacer.default\">\n\t\t\t\t<div class=\"elementor-widget-container\">\n\t\t\t\t\t\t\t<div class=\"elementor-spacer\">\n\t\t\t<div class=\"elementor-spacer-inner\"><\/div>\n\t\t<\/div>\n\t\t\t\t\t\t<\/div>\n\t\t\t\t<\/div>\n\t\t\t\t\t<\/div>\n\t\t\t\t<\/div>\n\t\t<div class=\"elementor-element elementor-element-fb15b18 e-flex e-con-boxed e-con e-parent\" data-id=\"fb15b18\" data-element_type=\"container\">\n\t\t\t\t\t<div class=\"e-con-inner\">\n\t\t\t\t<div class=\"elementor-element elementor-element-fd22725 elementor-widget elementor-widget-heading\" data-id=\"fd22725\" data-element_type=\"widget\" data-widget_type=\"heading.default\">\n\t\t\t\t<div class=\"elementor-widget-container\">\n\t\t\t\t\t<h2 class=\"elementor-heading-title elementor-size-default\">Hakk\u0131m\u0131zda<\/h2>\t\t\t\t<\/div>\n\t\t\t\t<\/div>\n\t\t\t\t\t<\/div>\n\t\t\t\t<\/div>\n\t\t<div class=\"elementor-element elementor-element-3811377 e-flex e-con-boxed e-con e-parent\" data-id=\"3811377\" data-element_type=\"container\">\n\t\t\t\t\t<div class=\"e-con-inner\">\n\t\t\t\t<div class=\"elementor-element elementor-element-6ed1972 elementor-widget elementor-widget-text-editor\" data-id=\"6ed1972\" data-element_type=\"widget\" data-widget_type=\"text-editor.default\">\n\t\t\t\t<div class=\"elementor-widget-container\">\n\t\t\t\t\t\t\t\t\t<p>2013 y\u0131l\u0131nda kurulan Kutadgu Enerji Savunma Bili\u015fim Ticaret Anonim \u015eirketi kurumsal \u00e7\u00f6z\u00fcmleri en y\u00fcksek kalitede \u00fcretmek amac\u0131yla faaliyet g\u00f6steren bir m\u00fchendislik \u015firketidir.\u00a0 Enerji, Bili\u015fim ve Savunma olmak \u00fczere farkl\u0131 dinamiklere sahip faaliyet alanlar\u0131nda hizmetlerine devam etmektedir.<\/p><p>Enerji ihtiyac\u0131n\u0131n s\u00fcrekli artmas\u0131yla birlikte, do\u011fal kaynaklar\u0131m\u0131z\u0131n s\u0131n\u0131rl\u0131 oldu\u011fu ger\u00e7e\u011fiyle y\u00fczle\u015fiyoruz. Kutadgu Enerji, M\u00fchendislik-Tedarik-Yap\u0131m (EPC) \u015firketi olarak Yenilenebilir Enerji alan\u0131nda R\u00fczgar Enerjisi, G\u00fcne\u015f Enerjisi ,\u00a0Hidroelektrik ve Biyok\u00fctle Santrallerinin anahtar teslim m\u00fchendislik faaliyetlerinin yan\u0131 s\u0131ra bu alanda yat\u0131r\u0131m \u015firketi olarak konumland\u0131rmaktad\u0131r.<\/p><p>Microsoft\u2019un ISV\/Yaz\u0131l\u0131m \u00c7\u00f6z\u00fcmleri Uzman\u0131 olan Kutadgu, Oracle ve IBM gibi d\u00fcnyan\u0131n lider kurulu\u015flar\u0131 ile \u00e7\u00f6z\u00fcm ortakl\u0131klar\u0131 olu\u015fturarak yaz\u0131l\u0131m sekt\u00f6r\u00fcnde \u00f6nc\u00fc rol oynamak ve amac\u0131na ula\u015fmak ad\u0131na \u00f6nemli bir ad\u0131m atm\u0131\u015ft\u0131r. Ayr\u0131ca ulusal ve uluslararas\u0131 alanda bir\u00e7ok teknoloji firmas\u0131yla ortak projeler y\u00fcr\u00fctmektedir. Kutadgu, bilim ve teknolojinin geli\u015fmesine katk\u0131 sa\u011flayacak yeni bilgiler elde etmek, mevcut bilgilerle yeni teknoloji, \u00fcr\u00fcn ve ara\u00e7lar \u00fcretmek, yeni sistem ve s\u00fcre\u00e7ler olu\u015fturmak amac\u0131yla \u00e7al\u0131\u015fmalar\u0131n\u0131 s\u00fcrd\u00fcrmektedir.<\/p><p>Gen\u00e7, dinamik ve esnek yap\u0131s\u0131yla m\u00fc\u015fteri ihtiya\u00e7lar\u0131n\u0131n gerektirdi\u011fi t\u00fcm yeniliklere h\u0131zl\u0131ca adapte olabilmekte ve istenen \u00e7\u00f6z\u00fcmleri h\u0131zl\u0131 bir \u015fekilde \u00fcretebilmektedir. Bu anlamda Kutadgu, deneyimli m\u00fchendislik ve dan\u0131\u015fman kadrosuyla elde etti\u011fi sayg\u0131n ve ba\u015far\u0131l\u0131 konumunu s\u00fcrekli geli\u015ftirmekte, uluslararas\u0131 standartlarda \u00fcretti\u011fi projelerle ileri teknoloji \u015firketi vizyonuyla liderlik konumuna her ge\u00e7en g\u00fcn daha da yakla\u015fmaktad\u0131r.<\/p>\t\t\t\t\t\t\t\t<\/div>\n\t\t\t\t<\/div>\n\t\t\t\t\t<\/div>\n\t\t\t\t<\/div>\n\t\t<div class=\"elementor-element elementor-element-9419eaa e-flex e-con-boxed e-con e-parent\" data-id=\"9419eaa\" data-element_type=\"container\">\n\t\t\t\t\t<div class=\"e-con-inner\">\n\t\t<div class=\"elementor-element elementor-element-80e3690 e-con-full e-flex e-con e-child\" data-id=\"80e3690\" data-element_type=\"container\">\n\t\t\t\t<div class=\"elementor-element elementor-element-b054152 elementor-invisible elementor-widget elementor-widget-image\" data-id=\"b054152\" data-element_type=\"widget\" data-settings=\"{&quot;motion_fx_motion_fx_mouse&quot;:&quot;yes&quot;,&quot;motion_fx_mouseTrack_effect&quot;:&quot;yes&quot;,&quot;motion_fx_tilt_effect&quot;:&quot;yes&quot;,&quot;_animation&quot;:&quot;fadeIn&quot;,&quot;motion_fx_mouseTrack_speed&quot;:{&quot;unit&quot;:&quot;px&quot;,&quot;size&quot;:1,&quot;sizes&quot;:[]},&quot;motion_fx_tilt_speed&quot;:{&quot;unit&quot;:&quot;px&quot;,&quot;size&quot;:4,&quot;sizes&quot;:[]}}\" data-widget_type=\"image.default\">\n\t\t\t\t<div class=\"elementor-widget-container\">\n\t\t\t\t\t\t\t\t\t\t\t\t<figure class=\"wp-caption\">\n\t\t\t\t\t\t\t\t\t\t\t<a href=\"http:\/\/kutadguenerji.com\/index.php\/enerji-2\/\">\n\t\t\t\t\t\t\t<img fetchpriority=\"high\" decoding=\"async\" width=\"640\" height=\"426\" src=\"https:\/\/kutadguenerji.com\/wp-content\/uploads\/2023\/12\/Enerji-1024x681.jpeg\" class=\"elementor-animation-pulse attachment-large size-large wp-image-1712\" alt=\"\" srcset=\"https:\/\/kutadguenerji.com\/wp-content\/uploads\/2023\/12\/Enerji-1024x681.jpeg 1024w, https:\/\/kutadguenerji.com\/wp-content\/uploads\/2023\/12\/Enerji-300x200.jpeg 300w, https:\/\/kutadguenerji.com\/wp-content\/uploads\/2023\/12\/Enerji-768x511.jpeg 768w, https:\/\/kutadguenerji.com\/wp-content\/uploads\/2023\/12\/Enerji-1536x1022.jpeg 1536w, https:\/\/kutadguenerji.com\/wp-content\/uploads\/2023\/12\/Enerji.jpeg 1623w\" sizes=\"(max-width: 640px) 100vw, 640px\" \/>\t\t\t\t\t\t\t\t<\/a>\n\t\t\t\t\t\t\t\t\t\t\t<figcaption class=\"widget-image-caption wp-caption-text\">Enerji<\/figcaption>\n\t\t\t\t\t\t\t\t\t\t<\/figure>\n\t\t\t\t\t\t\t\t\t<\/div>\n\t\t\t\t<\/div>\n\t\t\t\t<\/div>\n\t\t<div class=\"elementor-element elementor-element-df8a8f9 e-con-full e-flex e-con e-child\" data-id=\"df8a8f9\" data-element_type=\"container\">\n\t\t\t\t<div class=\"elementor-element elementor-element-a4f80f1 elementor-invisible elementor-widget elementor-widget-image\" data-id=\"a4f80f1\" data-element_type=\"widget\" data-settings=\"{&quot;motion_fx_motion_fx_mouse&quot;:&quot;yes&quot;,&quot;_animation&quot;:&quot;fadeIn&quot;,&quot;motion_fx_tilt_effect&quot;:&quot;yes&quot;,&quot;motion_fx_tilt_speed&quot;:{&quot;unit&quot;:&quot;px&quot;,&quot;size&quot;:4,&quot;sizes&quot;:[]}}\" data-widget_type=\"image.default\">\n\t\t\t\t<div class=\"elementor-widget-container\">\n\t\t\t\t\t\t\t\t\t\t\t\t<figure class=\"wp-caption\">\n\t\t\t\t\t\t\t\t\t\t\t<a href=\"http:\/\/kutadguenerji.com\/index.php\/savunma-2\/\">\n\t\t\t\t\t\t\t<img decoding=\"async\" width=\"640\" height=\"417\" src=\"https:\/\/kutadguenerji.com\/wp-content\/uploads\/2023\/12\/Savunma-copy-1024x667.jpg\" class=\"elementor-animation-pulse attachment-large size-large wp-image-1713\" alt=\"\" srcset=\"https:\/\/kutadguenerji.com\/wp-content\/uploads\/2023\/12\/Savunma-copy-1024x667.jpg 1024w, https:\/\/kutadguenerji.com\/wp-content\/uploads\/2023\/12\/Savunma-copy-300x195.jpg 300w, https:\/\/kutadguenerji.com\/wp-content\/uploads\/2023\/12\/Savunma-copy-768x500.jpg 768w, https:\/\/kutadguenerji.com\/wp-content\/uploads\/2023\/12\/Savunma-copy-1536x1000.jpg 1536w, https:\/\/kutadguenerji.com\/wp-content\/uploads\/2023\/12\/Savunma-copy.jpg 1820w\" sizes=\"(max-width: 640px) 100vw, 640px\" \/>\t\t\t\t\t\t\t\t<\/a>\n\t\t\t\t\t\t\t\t\t\t\t<figcaption class=\"widget-image-caption wp-caption-text\">Savunma<\/figcaption>\n\t\t\t\t\t\t\t\t\t\t<\/figure>\n\t\t\t\t\t\t\t\t\t<\/div>\n\t\t\t\t<\/div>\n\t\t\t\t<\/div>\n\t\t<div class=\"elementor-element elementor-element-48d9902 e-con-full e-flex e-con e-child\" data-id=\"48d9902\" data-element_type=\"container\">\n\t\t\t\t<div class=\"elementor-element elementor-element-075aea1 elementor-invisible elementor-widget elementor-widget-image\" data-id=\"075aea1\" data-element_type=\"widget\" data-settings=\"{&quot;motion_fx_motion_fx_mouse&quot;:&quot;yes&quot;,&quot;_animation&quot;:&quot;fadeIn&quot;,&quot;motion_fx_mouseTrack_effect&quot;:&quot;yes&quot;,&quot;motion_fx_tilt_effect&quot;:&quot;yes&quot;,&quot;motion_fx_mouseTrack_speed&quot;:{&quot;unit&quot;:&quot;px&quot;,&quot;size&quot;:1,&quot;sizes&quot;:[]},&quot;motion_fx_tilt_speed&quot;:{&quot;unit&quot;:&quot;px&quot;,&quot;size&quot;:4,&quot;sizes&quot;:[]}}\" data-widget_type=\"image.default\">\n\t\t\t\t<div class=\"elementor-widget-container\">\n\t\t\t\t\t\t\t\t\t\t\t\t<figure class=\"wp-caption\">\n\t\t\t\t\t\t\t\t\t\t\t<a href=\"http:\/\/kutadguenerji.com\/index.php\/bilisim-2\/\">\n\t\t\t\t\t\t\t<img decoding=\"async\" width=\"640\" height=\"427\" src=\"https:\/\/kutadguenerji.com\/wp-content\/uploads\/2023\/12\/3e8ea960694b21d78937038365b0a14f-1024x683.jpg\" class=\"elementor-animation-pulse attachment-large size-large wp-image-1714\" alt=\"\" srcset=\"https:\/\/kutadguenerji.com\/wp-content\/uploads\/2023\/12\/3e8ea960694b21d78937038365b0a14f-1024x683.jpg 1024w, https:\/\/kutadguenerji.com\/wp-content\/uploads\/2023\/12\/3e8ea960694b21d78937038365b0a14f-300x200.jpg 300w, https:\/\/kutadguenerji.com\/wp-content\/uploads\/2023\/12\/3e8ea960694b21d78937038365b0a14f-768x512.jpg 768w, https:\/\/kutadguenerji.com\/wp-content\/uploads\/2023\/12\/3e8ea960694b21d78937038365b0a14f-1536x1024.jpg 1536w, https:\/\/kutadguenerji.com\/wp-content\/uploads\/2023\/12\/3e8ea960694b21d78937038365b0a14f.jpg 1800w\" sizes=\"(max-width: 640px) 100vw, 640px\" \/>\t\t\t\t\t\t\t\t<\/a>\n\t\t\t\t\t\t\t\t\t\t\t<figcaption class=\"widget-image-caption wp-caption-text\">Bili\u015fim<\/figcaption>\n\t\t\t\t\t\t\t\t\t\t<\/figure>\n\t\t\t\t\t\t\t\t\t<\/div>\n\t\t\t\t<\/div>\n\t\t\t\t<\/div>\n\t\t\t\t\t<\/div>\n\t\t\t\t<\/div>\n\t\t\t\t<\/div>\n\t\t","protected":false},"excerpt":{"rendered":"<p>Hakk\u0131m\u0131zda 2013 y\u0131l\u0131nda kurulan Kutadgu Enerji Savunma Bili\u015fim Ticaret Anonim \u015eirketi kurumsal \u00e7\u00f6z\u00fcmleri en y\u00fcksek kalitede \u00fcretmek amac\u0131yla faaliyet g\u00f6steren bir m\u00fchendislik \u015firketidir.\u00a0 Enerji, Bili\u015fim ve Savunma olmak \u00fczere farkl\u0131 dinamiklere sahip faaliyet alanlar\u0131nda hizmetlerine devam etmektedir. Enerji ihtiyac\u0131n\u0131n s\u00fcrekli artmas\u0131yla birlikte, do\u011fal kaynaklar\u0131m\u0131z\u0131n s\u0131n\u0131rl\u0131 oldu\u011fu ger\u00e7e\u011fiyle y\u00fczle\u015fiyoruz. Kutadgu Enerji, M\u00fchendislik-Tedarik-Yap\u0131m (EPC) \u015firketi olarak Yenilenebilir [&hellip;]<\/p>\n","protected":false},"author":1,"featured_media":0,"parent":0,"menu_order":0,"comment_status":"closed","ping_status":"closed","template":"","meta":{"_monsterinsights_skip_tracking":false,"_monsterinsights_sitenote_active":false,"_monsterinsights_sitenote_note":"","_monsterinsights_sitenote_category":0,"footnotes":""},"aioseo_notices":[],"_links":{"self":[{"href":"https:\/\/kutadguenerji.com\/index.php\/wp-json\/wp\/v2\/pages\/1854"}],"collection":[{"href":"https:\/\/kutadguenerji.com\/index.php\/wp-json\/wp\/v2\/pages"}],"about":[{"href":"https:\/\/kutadguenerji.com\/index.php\/wp-json\/wp\/v2\/types\/page"}],"author":[{"embeddable":true,"href":"https:\/\/kutadguenerji.com\/index.php\/wp-json\/wp\/v2\/users\/1"}],"replies":[{"embeddable":true,"href":"https:\/\/kutadguenerji.com\/index.php\/wp-json\/wp\/v2\/comments?post=1854"}],"version-history":[{"count":37,"href":"https:\/\/kutadguenerji.com\/index.php\/wp-json\/wp\/v2\/pages\/1854\/revisions"}],"predecessor-version":[{"id":2527,"href":"https:\/\/kutadguenerji.com\/index.php\/wp-json\/wp\/v2\/pages\/1854\/revisions\/2527"}],"wp:attachment":[{"href":"https:\/\/kutadguenerji.com\/index.php\/wp-json\/wp\/v2\/media?parent=1854"}],"curies":[{"name":"wp","href":"https:\/\/api.w.org\/{rel}","templated":true}]}}