{"id":1894,"date":"2024-01-16T14:01:05","date_gmt":"2024-01-16T14:01:05","guid":{"rendered":"http:\/\/kutadguenerji.com\/?page_id=1894"},"modified":"2024-01-23T11:14:21","modified_gmt":"2024-01-23T11:14:21","slug":"ges-2","status":"publish","type":"page","link":"https:\/\/kutadguenerji.com\/index.php\/ges-2\/","title":{"rendered":"GES"},"content":{"rendered":"\t\t<div data-elementor-type=\"wp-page\" data-elementor-id=\"1894\" class=\"elementor elementor-1894\" data-elementor-post-type=\"page\">\n\t\t\t\t<div class=\"elementor-element elementor-element-6fc5ae2 e-flex e-con-boxed e-con e-parent\" data-id=\"6fc5ae2\" data-element_type=\"container\">\n\t\t\t\t\t<div class=\"e-con-inner\">\n\t\t\t\t\t<\/div>\n\t\t\t\t<\/div>\n\t\t<div class=\"elementor-element elementor-element-8a46b0e e-flex e-con-boxed e-con e-parent\" data-id=\"8a46b0e\" data-element_type=\"container\">\n\t\t\t\t\t<div class=\"e-con-inner\">\n\t\t\t\t<div class=\"elementor-element elementor-element-ce7ea6f elementor-widget elementor-widget-heading\" data-id=\"ce7ea6f\" data-element_type=\"widget\" data-widget_type=\"heading.default\">\n\t\t\t\t<div class=\"elementor-widget-container\">\n\t\t\t\t\t<h2 class=\"elementor-heading-title elementor-size-default\">G\u00fcne\u015f Enerjisi Sistemleri (GES)<\/h2>\t\t\t\t<\/div>\n\t\t\t\t<\/div>\n\t\t\t\t\t<\/div>\n\t\t\t\t<\/div>\n\t\t<div class=\"elementor-element elementor-element-a12097f e-flex e-con-boxed e-con e-parent\" data-id=\"a12097f\" data-element_type=\"container\">\n\t\t\t\t\t<div class=\"e-con-inner\">\n\t\t\t\t<div class=\"elementor-element elementor-element-a9a2531 elementor-widget elementor-widget-text-editor\" data-id=\"a9a2531\" data-element_type=\"widget\" data-widget_type=\"text-editor.default\">\n\t\t\t\t<div class=\"elementor-widget-container\">\n\t\t\t\t\t\t\t\t\t<p><span style=\"font-family: 'Arial',sans-serif;\">Bir m\u00fchendislik firmas\u0131 olarak Kutadgu Enerji, proje geli\u015ftirme, elektrik, mekanik, tedarik, lojistik, kurulum ve bak\u0131m a\u015famalar\u0131nda hizmet verir. Kutadgu Enerji, \u00e7at\u0131 tipi projelerden bina entegre sistemlere ve zemine monte edilmi\u015f b\u00fcy\u00fck \u00f6l\u00e7ekli santrallere kadar anahtar teslim EPC \u00e7\u00f6z\u00fcmleri sunmaktad\u0131r.\u00a0 <\/span><span style=\"font-family: 'Arial',sans-serif;\">G\u00fcne\u015f enerjisi, g\u00fcne\u015f \u0131\u015f\u0131\u011f\u0131n\u0131n d\u00f6n\u00fc\u015ft\u00fcr\u00fclmesiyle elde edilen temiz bir enerji kayna\u011f\u0131d\u0131r. GES, fotovoltaik paneller arac\u0131l\u0131\u011f\u0131yla g\u00fcne\u015f \u0131\u015f\u0131\u011f\u0131n\u0131 elektri\u011fe d\u00f6n\u00fc\u015ft\u00fcrerek kullan\u0131labilir enerji \u00fcretir. Bu sistemler, \u00f6zellikle g\u00fcne\u015fin yo\u011fun oldu\u011fu b\u00f6lgelerde yayg\u0131n olarak kullan\u0131lmaktad\u0131r.<\/span><\/p><p><span style=\"font-family: 'Arial',sans-serif;\">GES, \u00e7e\u015fitli avantajlar\u0131yla dikkat \u00e7eker. \u0130lk olarak, temiz ve \u00e7evre dostu bir enerji kayna\u011f\u0131d\u0131r. G\u00fcne\u015f enerjisi \u00fcretimi s\u0131ras\u0131nda atmosfere zararl\u0131 emisyonlar sal\u0131nmaz, bu da iklim de\u011fi\u015fikli\u011fiyle m\u00fccadelede \u00f6nemli bir rol oynar. Ayr\u0131ca, g\u00fcne\u015f enerjisi kaynaklar\u0131 s\u0131n\u0131rs\u0131zd\u0131r ve bu da enerji arz\u0131n\u0131n s\u00fcrekli ve s\u00fcrd\u00fcr\u00fclebilir olmas\u0131n\u0131 sa\u011flar.<\/span><\/p><p><span style=\"font-family: 'Arial',sans-serif;\">GES&#8217;in bir di\u011fer avantaj\u0131 da d\u00fc\u015f\u00fck i\u015fletme maliyetleridir. Bak\u0131m\u0131 nispeten kolayd\u0131r ve sistemler genellikle uzun \u00f6m\u00fcrl\u00fcd\u00fcr. G\u00fcne\u015f panelleri, \u00f6zellikle g\u00fcn\u0131\u015f\u0131\u011f\u0131 yo\u011fun b\u00f6lgelerde, uzun vadeli enerji \u00fcretimi i\u00e7in idealdir.<\/span><\/p><p><span style=\"font-family: 'Arial',sans-serif;\">Bu sistemler ayn\u0131 zamanda enerji ba\u011f\u0131ms\u0131zl\u0131\u011f\u0131n\u0131 destekler. Evler, i\u015fyerleri ve end\u00fcstriyel tesisler, kendi enerji ihtiya\u00e7lar\u0131n\u0131 kar\u015f\u0131lamak i\u00e7in GES kullanarak grid ba\u011f\u0131ml\u0131l\u0131\u011f\u0131n\u0131 azaltabilirler.<\/span><\/p><p><span style=\"font-family: 'Arial',sans-serif;\">Sonu\u00e7 olarak, G\u00fcne\u015f Enerjisi Sistemleri, s\u00fcrd\u00fcr\u00fclebilir enerji gelece\u011finin \u00f6nemli bir par\u00e7as\u0131d\u0131r. Temiz, ucuz ve s\u0131n\u0131rs\u0131z bir kaynak olan g\u00fcne\u015f enerjisi, enerji sekt\u00f6r\u00fcnde d\u00f6n\u00fc\u015f\u00fcm\u00fcn anahtar\u0131 olmaya devam ediyor.<\/span><\/p>\t\t\t\t\t\t\t\t<\/div>\n\t\t\t\t<\/div>\n\t\t\t\t\t<\/div>\n\t\t\t\t<\/div>\n\t\t\t\t<\/div>\n\t\t","protected":false},"excerpt":{"rendered":"<p>G\u00fcne\u015f Enerjisi Sistemleri (GES) Bir m\u00fchendislik firmas\u0131 olarak Kutadgu Enerji, proje geli\u015ftirme, elektrik, mekanik, tedarik, lojistik, kurulum ve bak\u0131m a\u015famalar\u0131nda hizmet verir. Kutadgu Enerji, \u00e7at\u0131 tipi projelerden bina entegre sistemlere ve zemine monte edilmi\u015f b\u00fcy\u00fck \u00f6l\u00e7ekli santrallere kadar anahtar teslim EPC \u00e7\u00f6z\u00fcmleri sunmaktad\u0131r.\u00a0 G\u00fcne\u015f enerjisi, g\u00fcne\u015f \u0131\u015f\u0131\u011f\u0131n\u0131n d\u00f6n\u00fc\u015ft\u00fcr\u00fclmesiyle elde edilen temiz bir enerji kayna\u011f\u0131d\u0131r. GES, [&hellip;]<\/p>\n","protected":false},"author":1,"featured_media":0,"parent":0,"menu_order":0,"comment_status":"closed","ping_status":"closed","template":"","meta":{"_monsterinsights_skip_tracking":false,"_monsterinsights_sitenote_active":false,"_monsterinsights_sitenote_note":"","_monsterinsights_sitenote_category":0,"footnotes":""},"aioseo_notices":[],"_links":{"self":[{"href":"https:\/\/kutadguenerji.com\/index.php\/wp-json\/wp\/v2\/pages\/1894"}],"collection":[{"href":"https:\/\/kutadguenerji.com\/index.php\/wp-json\/wp\/v2\/pages"}],"about":[{"href":"https:\/\/kutadguenerji.com\/index.php\/wp-json\/wp\/v2\/types\/page"}],"author":[{"embeddable":true,"href":"https:\/\/kutadguenerji.com\/index.php\/wp-json\/wp\/v2\/users\/1"}],"replies":[{"embeddable":true,"href":"https:\/\/kutadguenerji.com\/index.php\/wp-json\/wp\/v2\/comments?post=1894"}],"version-history":[{"count":19,"href":"https:\/\/kutadguenerji.com\/index.php\/wp-json\/wp\/v2\/pages\/1894\/revisions"}],"predecessor-version":[{"id":2144,"href":"https:\/\/kutadguenerji.com\/index.php\/wp-json\/wp\/v2\/pages\/1894\/revisions\/2144"}],"wp:attachment":[{"href":"https:\/\/kutadguenerji.com\/index.php\/wp-json\/wp\/v2\/media?parent=1894"}],"curies":[{"name":"wp","href":"https:\/\/api.w.org\/{rel}","templated":true}]}}