{"id":2000,"date":"2024-01-22T12:50:54","date_gmt":"2024-01-22T12:50:54","guid":{"rendered":"http:\/\/kutadguenerji.com\/?page_id=2000"},"modified":"2024-02-07T09:19:20","modified_gmt":"2024-02-07T09:19:20","slug":"guvenlik-ve-bilgi-teknolojileri-danismanligi","status":"publish","type":"page","link":"https:\/\/kutadguenerji.com\/index.php\/guvenlik-ve-bilgi-teknolojileri-danismanligi\/","title":{"rendered":"G\u00dcVENL\u0130K ve B\u0130LG\u0130 TEKNOLOJ\u0130LER\u0130 DANI\u015eMANLI\u011eI"},"content":{"rendered":"\t\t<div data-elementor-type=\"wp-page\" data-elementor-id=\"2000\" class=\"elementor elementor-2000\" data-elementor-post-type=\"page\">\n\t\t\t\t<div class=\"elementor-element elementor-element-456865a e-flex e-con-boxed e-con e-parent\" data-id=\"456865a\" data-element_type=\"container\">\n\t\t\t\t\t<div class=\"e-con-inner\">\n\t\t\t\t\t<\/div>\n\t\t\t\t<\/div>\n\t\t<div class=\"elementor-element elementor-element-5c375f9 e-flex e-con-boxed e-con e-parent\" data-id=\"5c375f9\" data-element_type=\"container\">\n\t\t\t\t\t<div class=\"e-con-inner\">\n\t\t\t\t\t<\/div>\n\t\t\t\t<\/div>\n\t\t<div class=\"elementor-element elementor-element-0bd4667 e-flex e-con-boxed e-con e-parent\" data-id=\"0bd4667\" data-element_type=\"container\">\n\t\t\t\t\t<div class=\"e-con-inner\">\n\t\t\t\t<div class=\"elementor-element elementor-element-ee6a4f2 elementor-widget elementor-widget-heading\" data-id=\"ee6a4f2\" data-element_type=\"widget\" data-widget_type=\"heading.default\">\n\t\t\t\t<div class=\"elementor-widget-container\">\n\t\t\t\t\t<h2 class=\"elementor-heading-title elementor-size-default\">G\u00fcvenlik ve Bilgi Teknolojileri Dan\u0131\u015fmanl\u0131\u011f\u0131<\/h2>\t\t\t\t<\/div>\n\t\t\t\t<\/div>\n\t\t\t\t\t<\/div>\n\t\t\t\t<\/div>\n\t\t<div class=\"elementor-element elementor-element-7913122 e-flex e-con-boxed e-con e-parent\" data-id=\"7913122\" data-element_type=\"container\">\n\t\t\t\t\t<div class=\"e-con-inner\">\n\t\t\t\t<div class=\"elementor-element elementor-element-abbac9d elementor-widget elementor-widget-spacer\" data-id=\"abbac9d\" data-element_type=\"widget\" data-widget_type=\"spacer.default\">\n\t\t\t\t<div class=\"elementor-widget-container\">\n\t\t\t\t\t\t\t<div class=\"elementor-spacer\">\n\t\t\t<div class=\"elementor-spacer-inner\"><\/div>\n\t\t<\/div>\n\t\t\t\t\t\t<\/div>\n\t\t\t\t<\/div>\n\t\t\t\t\t<\/div>\n\t\t\t\t<\/div>\n\t\t<div class=\"elementor-element elementor-element-b56938c e-flex e-con-boxed e-con e-parent\" data-id=\"b56938c\" data-element_type=\"container\">\n\t\t\t\t\t<div class=\"e-con-inner\">\n\t\t<div class=\"elementor-element elementor-element-a836d85 e-con-full e-flex e-con e-child\" data-id=\"a836d85\" data-element_type=\"container\">\n\t\t\t\t<div class=\"elementor-element elementor-element-e034621 elementor-widget elementor-widget-image\" data-id=\"e034621\" data-element_type=\"widget\" data-widget_type=\"image.default\">\n\t\t\t\t<div class=\"elementor-widget-container\">\n\t\t\t\t\t\t\t\t\t\t\t\t\t\t\t<img fetchpriority=\"high\" decoding=\"async\" width=\"2048\" height=\"1629\" src=\"https:\/\/kutadguenerji.com\/wp-content\/uploads\/2023\/12\/siber-2-2048x1629.jpg\" class=\"attachment-2048x2048 size-2048x2048 wp-image-1646\" alt=\"\" srcset=\"https:\/\/kutadguenerji.com\/wp-content\/uploads\/2023\/12\/siber-2-2048x1629.jpg 2048w, https:\/\/kutadguenerji.com\/wp-content\/uploads\/2023\/12\/siber-2-300x239.jpg 300w, https:\/\/kutadguenerji.com\/wp-content\/uploads\/2023\/12\/siber-2-1024x815.jpg 1024w, https:\/\/kutadguenerji.com\/wp-content\/uploads\/2023\/12\/siber-2-768x611.jpg 768w, https:\/\/kutadguenerji.com\/wp-content\/uploads\/2023\/12\/siber-2-1536x1222.jpg 1536w\" sizes=\"(max-width: 2048px) 100vw, 2048px\" \/>\t\t\t\t\t\t\t\t\t\t\t\t\t\t\t<\/div>\n\t\t\t\t<\/div>\n\t\t\t\t<\/div>\n\t\t<div class=\"elementor-element elementor-element-b68ea95 e-con-full e-flex e-con e-child\" data-id=\"b68ea95\" data-element_type=\"container\">\n\t\t<div class=\"elementor-element elementor-element-d42e939 e-flex e-con-boxed e-con e-child\" data-id=\"d42e939\" data-element_type=\"container\">\n\t\t\t\t\t<div class=\"e-con-inner\">\n\t\t\t\t<div class=\"elementor-element elementor-element-244f328 elementor-invisible elementor-widget elementor-widget-heading\" data-id=\"244f328\" data-element_type=\"widget\" data-settings=\"{&quot;_animation&quot;:&quot;fadeInRight&quot;}\" data-widget_type=\"heading.default\">\n\t\t\t\t<div class=\"elementor-widget-container\">\n\t\t\t\t\t<h2 class=\"elementor-heading-title elementor-size-default\">Siber G\u00fcvenlik Dan\u0131\u015fmanl\u0131\u011f\u0131<\/h2>\t\t\t\t<\/div>\n\t\t\t\t<\/div>\n\t\t\t\t\t<\/div>\n\t\t\t\t<\/div>\n\t\t<div class=\"elementor-element elementor-element-2dea9a9 e-flex e-con-boxed e-con e-child\" data-id=\"2dea9a9\" data-element_type=\"container\">\n\t\t\t\t\t<div class=\"e-con-inner\">\n\t\t\t\t<div class=\"elementor-element elementor-element-b8aed84 elementor-invisible elementor-widget elementor-widget-text-editor\" data-id=\"b8aed84\" data-element_type=\"widget\" data-settings=\"{&quot;_animation&quot;:&quot;fadeInRight&quot;}\" data-widget_type=\"text-editor.default\">\n\t\t\t\t<div class=\"elementor-widget-container\">\n\t\t\t\t\t\t\t\t\t<p>Siber g\u00fcvenlik, siber ortamda kurum, kurulu\u015f ve kullan\u0131c\u0131lar\u0131n varl\u0131klar\u0131n\u0131 korumak amac\u0131yla olu\u015fturulan ara\u00e7lar, politikalar, g\u00fcvenlik kavramlar\u0131, g\u00fcvenlik teminatlar\u0131, k\u0131lavuzlar, risk y\u00f6netimi yakla\u015f\u0131mlar\u0131, faaliyetler, e\u011fitimler, en iyi uygulamalar ve teknolojiler b\u00fct\u00fcn\u00fcd\u00fcr. Kurum, kurulu\u015f ve kullan\u0131c\u0131lar\u0131n varl\u0131klar\u0131n\u0131, bilgi i\u015flem donan\u0131mlar\u0131n\u0131, personelini, altyap\u0131lar\u0131n\u0131, uygulamalar\u0131n\u0131, hizmetlerini, telekom\u00fcnikasyon sistemlerini ve siber ortamda iletilen ve\/veya saklanan bilgilerin t\u00fcm\u00fcn\u00fc kapsamaktad\u0131r. Kutadgu, Siber dan\u0131\u015fmanl\u0131k \u00e7at\u0131s\u0131 alt\u0131nda, kurumun g\u00fcvenlik ihtiya\u00e7lar\u0131n\u0131 belirleyerek ve sald\u0131r\u0131lar\u0131 \u00f6ng\u00f6rebilen sistemler kurarak siber g\u00fcvenlik konusunda do\u011fru alanda yat\u0131r\u0131m yap\u0131lmas\u0131n\u0131 sa\u011flamay\u0131 ama\u00e7lamaktad\u0131r. Dan\u0131\u015fmanl\u0131k hizmetinin genel \u00e7er\u00e7evesinin \u00e7izilmesi ile birlikte Kutadgu\u2019nin uzman kadrosu taraf\u0131ndan kurumun envanteri, internet ortam\u0131ndaki varl\u0131\u011f\u0131n\u0131n haritas\u0131 \u00e7\u0131kar\u0131lmakta ve bir penetrasyon(s\u0131zma) testi yap\u0131lmaktad\u0131r. Bu test sonu\u00e7lar\u0131 kurumun siber g\u00fcvenlik risk haritas\u0131n\u0131n ortaya konulmas\u0131n\u0131 ve yap\u0131lmas\u0131 gereken g\u00fcvenlik yat\u0131r\u0131mlar\u0131n\u0131n en do\u011fru \u015fekilde y\u00f6nlendirilmesini sa\u011flamaktad\u0131r.<\/p>\t\t\t\t\t\t\t\t<\/div>\n\t\t\t\t<\/div>\n\t\t\t\t\t<\/div>\n\t\t\t\t<\/div>\n\t\t\t\t<\/div>\n\t\t\t\t\t<\/div>\n\t\t\t\t<\/div>\n\t\t<div class=\"elementor-element elementor-element-a682f06 e-flex e-con-boxed e-con e-parent\" data-id=\"a682f06\" data-element_type=\"container\">\n\t\t\t\t\t<div class=\"e-con-inner\">\n\t\t\t\t<div class=\"elementor-element elementor-element-860d14c elementor-widget-divider--view-line elementor-widget elementor-widget-divider\" data-id=\"860d14c\" data-element_type=\"widget\" data-widget_type=\"divider.default\">\n\t\t\t\t<div class=\"elementor-widget-container\">\n\t\t\t\t\t\t\t<div class=\"elementor-divider\">\n\t\t\t<span class=\"elementor-divider-separator\">\n\t\t\t\t\t\t<\/span>\n\t\t<\/div>\n\t\t\t\t\t\t<\/div>\n\t\t\t\t<\/div>\n\t\t\t\t\t<\/div>\n\t\t\t\t<\/div>\n\t\t<div class=\"elementor-element elementor-element-ce8d421 e-flex e-con-boxed e-con e-parent\" data-id=\"ce8d421\" data-element_type=\"container\">\n\t\t\t\t\t<div class=\"e-con-inner\">\n\t\t<div class=\"elementor-element elementor-element-d7ec20a e-con-full e-flex e-con e-child\" data-id=\"d7ec20a\" data-element_type=\"container\">\n\t\t<div class=\"elementor-element elementor-element-2302257 e-flex e-con-boxed e-con e-child\" data-id=\"2302257\" data-element_type=\"container\">\n\t\t\t\t\t<div class=\"e-con-inner\">\n\t\t\t\t<div class=\"elementor-element elementor-element-ac4c077 elementor-invisible elementor-widget elementor-widget-heading\" data-id=\"ac4c077\" data-element_type=\"widget\" data-settings=\"{&quot;_animation&quot;:&quot;fadeInLeft&quot;}\" data-widget_type=\"heading.default\">\n\t\t\t\t<div class=\"elementor-widget-container\">\n\t\t\t\t\t<h2 class=\"elementor-heading-title elementor-size-default\">Bilgi Teknolojileri Dan\u0131\u015fmanl\u0131\u011f\u0131<\/h2>\t\t\t\t<\/div>\n\t\t\t\t<\/div>\n\t\t\t\t\t<\/div>\n\t\t\t\t<\/div>\n\t\t<div class=\"elementor-element elementor-element-161079c e-flex e-con-boxed e-con e-child\" data-id=\"161079c\" data-element_type=\"container\">\n\t\t\t\t\t<div class=\"e-con-inner\">\n\t\t\t\t<div class=\"elementor-element elementor-element-de9b209 elementor-invisible elementor-widget elementor-widget-text-editor\" data-id=\"de9b209\" data-element_type=\"widget\" data-settings=\"{&quot;_animation&quot;:&quot;fadeInLeft&quot;}\" data-widget_type=\"text-editor.default\">\n\t\t\t\t<div class=\"elementor-widget-container\">\n\t\t\t\t\t\t\t\t\t<p>Kutadgu, m\u00fc\u015fterilerinin stratejik projelerinde katma de\u011fer sa\u011flayan bili\u015fim teknolojileri dan\u0131\u015fmanl\u0131k hizmeti sa\u011flamaktad\u0131r. Daha \u00f6nce ba\u015far\u0131yla tamamlanm\u0131\u015f projelerden edinilen deneyimler ile; Teknik destek,\u00a0\u00a0 A\u011f Altyap\u0131s\u0131, Sistem Kurulum, S\u00fcr\u00fcm Y\u00fckseltme,\u00a0 Donan\u0131m Konfig\u00fcrasyonunun Belirlenmesi,\u00a0\u00a0 E\u011fitim,\u00a0 Test, Uygulama geli\u015ftirme,\u00a0 Bilgi transferi,\u00a0 Proje y\u00f6netimi konular\u0131nda dan\u0131\u015fmanl\u0131k hizmeti verilmektedir.<\/p>\t\t\t\t\t\t\t\t<\/div>\n\t\t\t\t<\/div>\n\t\t\t\t\t<\/div>\n\t\t\t\t<\/div>\n\t\t\t\t<\/div>\n\t\t<div class=\"elementor-element elementor-element-4caa500 e-con-full e-flex e-con e-child\" data-id=\"4caa500\" data-element_type=\"container\">\n\t\t\t\t<div class=\"elementor-element elementor-element-b739d60 elementor-widget elementor-widget-image\" data-id=\"b739d60\" data-element_type=\"widget\" data-widget_type=\"image.default\">\n\t\t\t\t<div class=\"elementor-widget-container\">\n\t\t\t\t\t\t\t\t\t\t\t\t\t\t\t<img decoding=\"async\" width=\"2048\" height=\"1629\" src=\"https:\/\/kutadguenerji.com\/wp-content\/uploads\/2023\/12\/bt-2048x1629.jpg\" class=\"attachment-2048x2048 size-2048x2048 wp-image-1645\" alt=\"\" srcset=\"https:\/\/kutadguenerji.com\/wp-content\/uploads\/2023\/12\/bt-2048x1629.jpg 2048w, https:\/\/kutadguenerji.com\/wp-content\/uploads\/2023\/12\/bt-300x239.jpg 300w, https:\/\/kutadguenerji.com\/wp-content\/uploads\/2023\/12\/bt-1024x815.jpg 1024w, https:\/\/kutadguenerji.com\/wp-content\/uploads\/2023\/12\/bt-768x611.jpg 768w, https:\/\/kutadguenerji.com\/wp-content\/uploads\/2023\/12\/bt-1536x1222.jpg 1536w\" sizes=\"(max-width: 2048px) 100vw, 2048px\" \/>\t\t\t\t\t\t\t\t\t\t\t\t\t\t\t<\/div>\n\t\t\t\t<\/div>\n\t\t\t\t<\/div>\n\t\t\t\t\t<\/div>\n\t\t\t\t<\/div>\n\t\t<div class=\"elementor-element elementor-element-245eac9 e-flex e-con-boxed e-con e-parent\" data-id=\"245eac9\" data-element_type=\"container\">\n\t\t\t\t\t<div class=\"e-con-inner\">\n\t\t\t\t<div class=\"elementor-element elementor-element-ab923e3 elementor-widget-divider--view-line elementor-widget elementor-widget-divider\" data-id=\"ab923e3\" data-element_type=\"widget\" data-widget_type=\"divider.default\">\n\t\t\t\t<div class=\"elementor-widget-container\">\n\t\t\t\t\t\t\t<div class=\"elementor-divider\">\n\t\t\t<span class=\"elementor-divider-separator\">\n\t\t\t\t\t\t<\/span>\n\t\t<\/div>\n\t\t\t\t\t\t<\/div>\n\t\t\t\t<\/div>\n\t\t\t\t\t<\/div>\n\t\t\t\t<\/div>\n\t\t<div class=\"elementor-element elementor-element-6de7b8a e-flex e-con-boxed e-con e-parent\" data-id=\"6de7b8a\" data-element_type=\"container\">\n\t\t\t\t\t<div class=\"e-con-inner\">\n\t\t<div class=\"elementor-element elementor-element-23592dc e-con-full e-flex e-con e-child\" data-id=\"23592dc\" data-element_type=\"container\">\n\t\t\t\t<div class=\"elementor-element elementor-element-a14166b elementor-widget elementor-widget-image\" data-id=\"a14166b\" data-element_type=\"widget\" data-widget_type=\"image.default\">\n\t\t\t\t<div class=\"elementor-widget-container\">\n\t\t\t\t\t\t\t\t\t\t\t\t\t\t\t<img decoding=\"async\" width=\"2048\" height=\"1152\" src=\"https:\/\/kutadguenerji.com\/wp-content\/uploads\/2023\/12\/Cmmi-copy-2048x1152.jpg\" class=\"attachment-2048x2048 size-2048x2048 wp-image-1647\" alt=\"\" srcset=\"https:\/\/kutadguenerji.com\/wp-content\/uploads\/2023\/12\/Cmmi-copy-2048x1152.jpg 2048w, https:\/\/kutadguenerji.com\/wp-content\/uploads\/2023\/12\/Cmmi-copy-300x169.jpg 300w, https:\/\/kutadguenerji.com\/wp-content\/uploads\/2023\/12\/Cmmi-copy-1024x576.jpg 1024w, https:\/\/kutadguenerji.com\/wp-content\/uploads\/2023\/12\/Cmmi-copy-768x432.jpg 768w, https:\/\/kutadguenerji.com\/wp-content\/uploads\/2023\/12\/Cmmi-copy-1536x864.jpg 1536w\" sizes=\"(max-width: 2048px) 100vw, 2048px\" \/>\t\t\t\t\t\t\t\t\t\t\t\t\t\t\t<\/div>\n\t\t\t\t<\/div>\n\t\t\t\t<\/div>\n\t\t<div class=\"elementor-element elementor-element-7d2e6a6 e-con-full e-flex e-con e-child\" data-id=\"7d2e6a6\" data-element_type=\"container\">\n\t\t<div class=\"elementor-element elementor-element-9ad2178 e-flex e-con-boxed e-con e-child\" data-id=\"9ad2178\" data-element_type=\"container\">\n\t\t\t\t\t<div class=\"e-con-inner\">\n\t\t\t\t<div class=\"elementor-element elementor-element-c65f6b5 elementor-invisible elementor-widget elementor-widget-heading\" data-id=\"c65f6b5\" data-element_type=\"widget\" data-settings=\"{&quot;_animation&quot;:&quot;fadeInRight&quot;}\" data-widget_type=\"heading.default\">\n\t\t\t\t<div class=\"elementor-widget-container\">\n\t\t\t\t\t<h2 class=\"elementor-heading-title elementor-size-default\">CMMI Dan\u0131\u015fmanl\u0131\u011f\u0131<\/h2>\t\t\t\t<\/div>\n\t\t\t\t<\/div>\n\t\t\t\t\t<\/div>\n\t\t\t\t<\/div>\n\t\t<div class=\"elementor-element elementor-element-f5c3262 e-flex e-con-boxed e-con e-child\" data-id=\"f5c3262\" data-element_type=\"container\">\n\t\t\t\t\t<div class=\"e-con-inner\">\n\t\t\t\t<div class=\"elementor-element elementor-element-7d95fe7 elementor-invisible elementor-widget elementor-widget-text-editor\" data-id=\"7d95fe7\" data-element_type=\"widget\" data-settings=\"{&quot;_animation&quot;:&quot;fadeInRight&quot;}\" data-widget_type=\"text-editor.default\">\n\t\t\t\t<div class=\"elementor-widget-container\">\n\t\t\t\t\t\t\t\t\t<p>G\u00fcn\u00fcm\u00fczde t\u00fcm kamu ve \u00f6zel sekt\u00f6rdeki yaz\u0131l\u0131m ihalelerinde \u00f6n ko\u015ful olarak aranmakta olan CMMI, yaz\u0131l\u0131m firmalar\u0131n\u0131n vazge\u00e7ilmez kalite politikalar\u0131 aras\u0131nda yerini alm\u0131\u015ft\u0131r. Kutadgu, CMMI (Yetenek Olgunluk Model Entegrasyonu) dan\u0131\u015fmanl\u0131\u011f\u0131 faaliyetini bu konuda yetkin kalite uzmanlar\u0131 ile ger\u00e7ekle\u015ftirerek analiz a\u015famas\u0131ndan kabul a\u015famas\u0131na kadar olan t\u00fcm yaz\u0131l\u0131m s\u00fcre\u00e7lerini revize edip, gerekli dok\u00fcmantasyon ve s\u00fcre\u00e7 e\u011fitimlerini vererek, \u015firketlerin bu belgeyi alabilecek seviyeye gelmesini sa\u011flamaktad\u0131r.<\/p>\t\t\t\t\t\t\t\t<\/div>\n\t\t\t\t<\/div>\n\t\t\t\t\t<\/div>\n\t\t\t\t<\/div>\n\t\t\t\t<\/div>\n\t\t\t\t\t<\/div>\n\t\t\t\t<\/div>\n\t\t<div class=\"elementor-element elementor-element-5540391 e-flex e-con-boxed e-con e-parent\" data-id=\"5540391\" data-element_type=\"container\">\n\t\t\t\t\t<div class=\"e-con-inner\">\n\t\t\t\t<div class=\"elementor-element elementor-element-f486183 elementor-widget-divider--view-line elementor-widget elementor-widget-divider\" data-id=\"f486183\" data-element_type=\"widget\" data-widget_type=\"divider.default\">\n\t\t\t\t<div class=\"elementor-widget-container\">\n\t\t\t\t\t\t\t<div class=\"elementor-divider\">\n\t\t\t<span class=\"elementor-divider-separator\">\n\t\t\t\t\t\t<\/span>\n\t\t<\/div>\n\t\t\t\t\t\t<\/div>\n\t\t\t\t<\/div>\n\t\t\t\t\t<\/div>\n\t\t\t\t<\/div>\n\t\t<div class=\"elementor-element elementor-element-b9fcafe e-flex e-con-boxed e-con e-parent\" data-id=\"b9fcafe\" data-element_type=\"container\">\n\t\t\t\t\t<div class=\"e-con-inner\">\n\t\t<div class=\"elementor-element elementor-element-7c309b3 e-con-full e-flex e-con e-child\" data-id=\"7c309b3\" data-element_type=\"container\">\n\t\t<div class=\"elementor-element elementor-element-d9c29ff e-flex e-con-boxed e-con e-child\" data-id=\"d9c29ff\" data-element_type=\"container\">\n\t\t\t\t\t<div class=\"e-con-inner\">\n\t\t\t\t<div class=\"elementor-element elementor-element-333b3e8 elementor-invisible elementor-widget elementor-widget-heading\" data-id=\"333b3e8\" data-element_type=\"widget\" data-settings=\"{&quot;_animation&quot;:&quot;fadeInLeft&quot;}\" data-widget_type=\"heading.default\">\n\t\t\t\t<div class=\"elementor-widget-container\">\n\t\t\t\t\t<h2 class=\"elementor-heading-title elementor-size-default\">ISO 27001 Bilgi G\u00fcvenli\u011fi Y\u00f6netim Sistemi Dan\u0131\u015fmanl\u0131\u011f\u0131<\/h2>\t\t\t\t<\/div>\n\t\t\t\t<\/div>\n\t\t\t\t\t<\/div>\n\t\t\t\t<\/div>\n\t\t<div class=\"elementor-element elementor-element-c35154c e-flex e-con-boxed e-con e-child\" data-id=\"c35154c\" data-element_type=\"container\">\n\t\t\t\t\t<div class=\"e-con-inner\">\n\t\t\t\t<div class=\"elementor-element elementor-element-6d30208 elementor-invisible elementor-widget elementor-widget-text-editor\" data-id=\"6d30208\" data-element_type=\"widget\" data-settings=\"{&quot;_animation&quot;:&quot;fadeInLeft&quot;}\" data-widget_type=\"text-editor.default\">\n\t\t\t\t<div class=\"elementor-widget-container\">\n\t\t\t\t\t\t\t\t\t<p>Bilgi g\u00fcvenli\u011fini sa\u011flamak, teknolojik \u00e7\u00f6z\u00fcmlerle birlikte sa\u011flam bir g\u00fcvenlik y\u00f6netim sisteminin kurulmas\u0131 ile m\u00fcmk\u00fcn olabilmektedir. ISO 27001, etkin bir bilgi g\u00fcvenlik y\u00f6netim sisteminin olu\u015fturulmas\u0131 amac\u0131yla haz\u0131rlanm\u0131\u015f bir standard\u0131 ifade etmektedir. Kutadgu, \u015firketinizin bilgi g\u00fcvenli\u011fi konusundaki t\u00fcm dan\u0131\u015fmanl\u0131k hizmetlerini vererek, gerekli s\u00fcre\u00e7lerin olu\u015fturulmas\u0131, dok\u00fcmantasyon ve i\u00e7 tetkik e\u011fitimlerinin verilmesi ile birlikte \u015firketinizin bu belgeyi alabilecek seviyeye gelmesini sa\u011flamaktad\u0131r.<\/p>\t\t\t\t\t\t\t\t<\/div>\n\t\t\t\t<\/div>\n\t\t\t\t\t<\/div>\n\t\t\t\t<\/div>\n\t\t\t\t<\/div>\n\t\t<div class=\"elementor-element elementor-element-582bd02 e-con-full e-flex e-con e-child\" data-id=\"582bd02\" data-element_type=\"container\">\n\t\t\t\t<div class=\"elementor-element elementor-element-d63dbb1 elementor-widget elementor-widget-image\" data-id=\"d63dbb1\" data-element_type=\"widget\" data-widget_type=\"image.default\">\n\t\t\t\t<div class=\"elementor-widget-container\">\n\t\t\t\t\t\t\t\t\t\t\t\t\t\t\t<img loading=\"lazy\" decoding=\"async\" width=\"2048\" height=\"1152\" src=\"https:\/\/kutadguenerji.com\/wp-content\/uploads\/2023\/12\/Iso-2048x1152.png\" class=\"attachment-2048x2048 size-2048x2048 wp-image-1649\" alt=\"\" srcset=\"https:\/\/kutadguenerji.com\/wp-content\/uploads\/2023\/12\/Iso-2048x1152.png 2048w, https:\/\/kutadguenerji.com\/wp-content\/uploads\/2023\/12\/Iso-300x169.png 300w, https:\/\/kutadguenerji.com\/wp-content\/uploads\/2023\/12\/Iso-1024x576.png 1024w, https:\/\/kutadguenerji.com\/wp-content\/uploads\/2023\/12\/Iso-768x432.png 768w, https:\/\/kutadguenerji.com\/wp-content\/uploads\/2023\/12\/Iso-1536x864.png 1536w\" sizes=\"(max-width: 2048px) 100vw, 2048px\" \/>\t\t\t\t\t\t\t\t\t\t\t\t\t\t\t<\/div>\n\t\t\t\t<\/div>\n\t\t\t\t<\/div>\n\t\t\t\t\t<\/div>\n\t\t\t\t<\/div>\n\t\t<div class=\"elementor-element elementor-element-c9ac1ec e-flex e-con-boxed e-con e-parent\" data-id=\"c9ac1ec\" data-element_type=\"container\">\n\t\t\t\t\t<div class=\"e-con-inner\">\n\t\t\t\t<div class=\"elementor-element elementor-element-ac94611 elementor-widget-divider--view-line elementor-widget elementor-widget-divider\" data-id=\"ac94611\" data-element_type=\"widget\" data-widget_type=\"divider.default\">\n\t\t\t\t<div class=\"elementor-widget-container\">\n\t\t\t\t\t\t\t<div class=\"elementor-divider\">\n\t\t\t<span class=\"elementor-divider-separator\">\n\t\t\t\t\t\t<\/span>\n\t\t<\/div>\n\t\t\t\t\t\t<\/div>\n\t\t\t\t<\/div>\n\t\t\t\t\t<\/div>\n\t\t\t\t<\/div>\n\t\t<div class=\"elementor-element elementor-element-06a1708 e-flex e-con-boxed e-con e-parent\" data-id=\"06a1708\" data-element_type=\"container\">\n\t\t\t\t\t<div class=\"e-con-inner\">\n\t\t<div class=\"elementor-element elementor-element-2560571 e-con-full e-flex e-con e-child\" data-id=\"2560571\" data-element_type=\"container\">\n\t\t\t\t<div class=\"elementor-element elementor-element-cf2374c elementor-widget elementor-widget-image\" data-id=\"cf2374c\" data-element_type=\"widget\" data-widget_type=\"image.default\">\n\t\t\t\t<div class=\"elementor-widget-container\">\n\t\t\t\t\t\t\t\t\t\t\t\t\t\t\t<img loading=\"lazy\" decoding=\"async\" width=\"2048\" height=\"1152\" src=\"https:\/\/kutadguenerji.com\/wp-content\/uploads\/2023\/12\/uzmanpersonel-copy-2048x1152.jpg\" class=\"attachment-2048x2048 size-2048x2048 wp-image-1650\" alt=\"\" srcset=\"https:\/\/kutadguenerji.com\/wp-content\/uploads\/2023\/12\/uzmanpersonel-copy-2048x1152.jpg 2048w, https:\/\/kutadguenerji.com\/wp-content\/uploads\/2023\/12\/uzmanpersonel-copy-300x169.jpg 300w, https:\/\/kutadguenerji.com\/wp-content\/uploads\/2023\/12\/uzmanpersonel-copy-1024x576.jpg 1024w, https:\/\/kutadguenerji.com\/wp-content\/uploads\/2023\/12\/uzmanpersonel-copy-768x432.jpg 768w, https:\/\/kutadguenerji.com\/wp-content\/uploads\/2023\/12\/uzmanpersonel-copy-1536x864.jpg 1536w\" sizes=\"(max-width: 2048px) 100vw, 2048px\" \/>\t\t\t\t\t\t\t\t\t\t\t\t\t\t\t<\/div>\n\t\t\t\t<\/div>\n\t\t\t\t<\/div>\n\t\t<div class=\"elementor-element elementor-element-89383d9 e-con-full e-flex e-con e-child\" data-id=\"89383d9\" data-element_type=\"container\">\n\t\t<div class=\"elementor-element elementor-element-8ded5f1 e-flex e-con-boxed e-con e-child\" data-id=\"8ded5f1\" data-element_type=\"container\">\n\t\t\t\t\t<div class=\"e-con-inner\">\n\t\t\t\t<div class=\"elementor-element elementor-element-8f571dc elementor-invisible elementor-widget elementor-widget-heading\" data-id=\"8f571dc\" data-element_type=\"widget\" data-settings=\"{&quot;_animation&quot;:&quot;fadeInRight&quot;}\" data-widget_type=\"heading.default\">\n\t\t\t\t<div class=\"elementor-widget-container\">\n\t\t\t\t\t<h2 class=\"elementor-heading-title elementor-size-default\">D\u0131\u015f Kaynakl\u0131 Uzman Personel Dan\u0131\u015fmanl\u0131\u011f\u0131 ve Temini<\/h2>\t\t\t\t<\/div>\n\t\t\t\t<\/div>\n\t\t\t\t\t<\/div>\n\t\t\t\t<\/div>\n\t\t<div class=\"elementor-element elementor-element-81e0d90 e-flex e-con-boxed e-con e-child\" data-id=\"81e0d90\" data-element_type=\"container\">\n\t\t\t\t\t<div class=\"e-con-inner\">\n\t\t\t\t<div class=\"elementor-element elementor-element-9979db9 elementor-invisible elementor-widget elementor-widget-text-editor\" data-id=\"9979db9\" data-element_type=\"widget\" data-settings=\"{&quot;_animation&quot;:&quot;fadeInRight&quot;}\" data-widget_type=\"text-editor.default\">\n\t\t\t\t<div class=\"elementor-widget-container\">\n\t\t\t\t\t\t\t\t\t<p>Kutadgu, proje deneyimi ve her biri alan\u0131nda uzman \u00e7al\u0131\u015fanlar\u0131yla yaz\u0131l\u0131m, kalite ve donan\u0131m konular\u0131nda, \u00f6zel \u015firketlere, kamu kurum ve kurulu\u015flar\u0131na dan\u0131\u015fman deste\u011fi sa\u011flamaktad\u0131r. G\u00fcn\u00fcm\u00fcz ko\u015fullar\u0131nda alan\u0131nda uzman dan\u0131\u015fmanlara ula\u015fmak ciddi bir zaman ve maliyet gerektirmektedir. Kutadgu uzman dan\u0131\u015fmanlar\u0131 ile kurumlar\u0131n zaman ve maliyet kayb\u0131n\u0131n \u00f6n\u00fcne ge\u00e7mektedir.<\/p>\t\t\t\t\t\t\t\t<\/div>\n\t\t\t\t<\/div>\n\t\t\t\t\t<\/div>\n\t\t\t\t<\/div>\n\t\t\t\t<\/div>\n\t\t\t\t\t<\/div>\n\t\t\t\t<\/div>\n\t\t\t\t<\/div>\n\t\t","protected":false},"excerpt":{"rendered":"<p>G\u00fcvenlik ve Bilgi Teknolojileri Dan\u0131\u015fmanl\u0131\u011f\u0131 Siber G\u00fcvenlik Dan\u0131\u015fmanl\u0131\u011f\u0131 Siber g\u00fcvenlik, siber ortamda kurum, kurulu\u015f ve kullan\u0131c\u0131lar\u0131n varl\u0131klar\u0131n\u0131 korumak amac\u0131yla olu\u015fturulan ara\u00e7lar, politikalar, g\u00fcvenlik kavramlar\u0131, g\u00fcvenlik teminatlar\u0131, k\u0131lavuzlar, risk y\u00f6netimi yakla\u015f\u0131mlar\u0131, faaliyetler, e\u011fitimler, en iyi uygulamalar ve teknolojiler b\u00fct\u00fcn\u00fcd\u00fcr. Kurum, kurulu\u015f ve kullan\u0131c\u0131lar\u0131n varl\u0131klar\u0131n\u0131, bilgi i\u015flem donan\u0131mlar\u0131n\u0131, personelini, altyap\u0131lar\u0131n\u0131, uygulamalar\u0131n\u0131, hizmetlerini, telekom\u00fcnikasyon sistemlerini ve siber ortamda [&hellip;]<\/p>\n","protected":false},"author":1,"featured_media":0,"parent":0,"menu_order":0,"comment_status":"closed","ping_status":"closed","template":"","meta":{"_monsterinsights_skip_tracking":false,"_monsterinsights_sitenote_active":false,"_monsterinsights_sitenote_note":"","_monsterinsights_sitenote_category":0,"footnotes":""},"aioseo_notices":[],"_links":{"self":[{"href":"https:\/\/kutadguenerji.com\/index.php\/wp-json\/wp\/v2\/pages\/2000"}],"collection":[{"href":"https:\/\/kutadguenerji.com\/index.php\/wp-json\/wp\/v2\/pages"}],"about":[{"href":"https:\/\/kutadguenerji.com\/index.php\/wp-json\/wp\/v2\/types\/page"}],"author":[{"embeddable":true,"href":"https:\/\/kutadguenerji.com\/index.php\/wp-json\/wp\/v2\/users\/1"}],"replies":[{"embeddable":true,"href":"https:\/\/kutadguenerji.com\/index.php\/wp-json\/wp\/v2\/comments?post=2000"}],"version-history":[{"count":29,"href":"https:\/\/kutadguenerji.com\/index.php\/wp-json\/wp\/v2\/pages\/2000\/revisions"}],"predecessor-version":[{"id":2597,"href":"https:\/\/kutadguenerji.com\/index.php\/wp-json\/wp\/v2\/pages\/2000\/revisions\/2597"}],"wp:attachment":[{"href":"https:\/\/kutadguenerji.com\/index.php\/wp-json\/wp\/v2\/media?parent=2000"}],"curies":[{"name":"wp","href":"https:\/\/api.w.org\/{rel}","templated":true}]}}