{"id":2088,"date":"2024-01-23T08:36:54","date_gmt":"2024-01-23T08:36:54","guid":{"rendered":"http:\/\/kutadguenerji.com\/?page_id=2088"},"modified":"2024-02-01T12:04:41","modified_gmt":"2024-02-01T12:04:41","slug":"sikca-sorulan-sorular","status":"publish","type":"page","link":"https:\/\/kutadguenerji.com\/index.php\/sikca-sorulan-sorular\/","title":{"rendered":"SIK\u00c7A SORULAN SORULAR"},"content":{"rendered":"\t\t<div data-elementor-type=\"wp-page\" data-elementor-id=\"2088\" class=\"elementor elementor-2088\" data-elementor-post-type=\"page\">\n\t\t\t\t<div class=\"elementor-element elementor-element-d75e777 e-flex e-con-boxed e-con e-parent\" data-id=\"d75e777\" data-element_type=\"container\">\n\t\t\t\t\t<div class=\"e-con-inner\">\n\t\t\t\t\t<\/div>\n\t\t\t\t<\/div>\n\t\t<div class=\"elementor-element elementor-element-ecdccd5 e-flex e-con-boxed e-con e-parent\" data-id=\"ecdccd5\" data-element_type=\"container\">\n\t\t\t\t\t<div class=\"e-con-inner\">\n\t\t\t\t<div class=\"elementor-element elementor-element-5eb3cc5 elementor-widget elementor-widget-spacer\" data-id=\"5eb3cc5\" data-element_type=\"widget\" data-widget_type=\"spacer.default\">\n\t\t\t\t<div class=\"elementor-widget-container\">\n\t\t\t\t\t\t\t<div class=\"elementor-spacer\">\n\t\t\t<div class=\"elementor-spacer-inner\"><\/div>\n\t\t<\/div>\n\t\t\t\t\t\t<\/div>\n\t\t\t\t<\/div>\n\t\t\t\t\t<\/div>\n\t\t\t\t<\/div>\n\t\t<div class=\"elementor-element elementor-element-15c91a5 e-flex e-con-boxed e-con e-parent\" data-id=\"15c91a5\" data-element_type=\"container\">\n\t\t\t\t\t<div class=\"e-con-inner\">\n\t\t<div class=\"elementor-element elementor-element-441dd09 e-con-full e-flex e-con e-child\" data-id=\"441dd09\" data-element_type=\"container\">\n\t\t\t\t<div class=\"elementor-element elementor-element-59e6dab elementor-widget elementor-widget-heading\" data-id=\"59e6dab\" data-element_type=\"widget\" data-widget_type=\"heading.default\">\n\t\t\t\t<div class=\"elementor-widget-container\">\n\t\t\t\t\t<h2 class=\"elementor-heading-title elementor-size-default\">S\u0131k\u00e7a Sorulan Sorular<\/h2>\t\t\t\t<\/div>\n\t\t\t\t<\/div>\n\t\t\t\t<\/div>\n\t\t\t\t\t<\/div>\n\t\t\t\t<\/div>\n\t\t<div class=\"elementor-element elementor-element-3f9cad2 e-flex e-con-boxed e-con e-parent\" data-id=\"3f9cad2\" data-element_type=\"container\">\n\t\t\t\t\t<div class=\"e-con-inner\">\n\t\t\t\t<div class=\"elementor-element elementor-element-0e064fd elementor-widget elementor-widget-spacer\" data-id=\"0e064fd\" data-element_type=\"widget\" data-widget_type=\"spacer.default\">\n\t\t\t\t<div class=\"elementor-widget-container\">\n\t\t\t\t\t\t\t<div class=\"elementor-spacer\">\n\t\t\t<div class=\"elementor-spacer-inner\"><\/div>\n\t\t<\/div>\n\t\t\t\t\t\t<\/div>\n\t\t\t\t<\/div>\n\t\t\t\t<div class=\"elementor-element elementor-element-8d2ea5b elementor-widget elementor-widget-toggle\" data-id=\"8d2ea5b\" data-element_type=\"widget\" data-widget_type=\"toggle.default\">\n\t\t\t\t<div class=\"elementor-widget-container\">\n\t\t\t\t\t\t\t<div class=\"elementor-toggle\">\n\t\t\t\t\t\t\t<div class=\"elementor-toggle-item\">\n\t\t\t\t\t<div id=\"elementor-tab-title-1481\" class=\"elementor-tab-title\" data-tab=\"1\" role=\"button\" aria-controls=\"elementor-tab-content-1481\" aria-expanded=\"false\">\n\t\t\t\t\t\t\t\t\t\t\t\t<span class=\"elementor-toggle-icon elementor-toggle-icon-left\" aria-hidden=\"true\">\n\t\t\t\t\t\t\t\t\t\t\t\t\t\t\t<span class=\"elementor-toggle-icon-closed\"><svg class=\"e-font-icon-svg e-fas-caret-right\" viewBox=\"0 0 192 512\" xmlns=\"http:\/\/www.w3.org\/2000\/svg\"><path d=\"M0 384.662V127.338c0-17.818 21.543-26.741 34.142-14.142l128.662 128.662c7.81 7.81 7.81 20.474 0 28.284L34.142 398.804C21.543 411.404 0 402.48 0 384.662z\"><\/path><\/svg><\/span>\n\t\t\t\t\t\t\t\t<span class=\"elementor-toggle-icon-opened\"><svg class=\"elementor-toggle-icon-opened e-font-icon-svg e-fas-caret-up\" viewBox=\"0 0 320 512\" xmlns=\"http:\/\/www.w3.org\/2000\/svg\"><path d=\"M288.662 352H31.338c-17.818 0-26.741-21.543-14.142-34.142l128.662-128.662c7.81-7.81 20.474-7.81 28.284 0l128.662 128.662c12.6 12.599 3.676 34.142-14.142 34.142z\"><\/path><\/svg><\/span>\n\t\t\t\t\t\t\t\t\t\t\t\t\t<\/span>\n\t\t\t\t\t\t\t\t\t\t\t\t<a class=\"elementor-toggle-title\" tabindex=\"0\">Kutadgu Enerjinin \u00c7al\u0131\u015fma Alanlar\u0131 Nelerdir? <\/a>\n\t\t\t\t\t<\/div>\n\n\t\t\t\t\t<div id=\"elementor-tab-content-1481\" class=\"elementor-tab-content elementor-clearfix\" data-tab=\"1\" role=\"region\" aria-labelledby=\"elementor-tab-title-1481\"><p>Kutadgu Enerji Savunma Bili\u015fim Ticaret Anonim \u015eirketi, farkl\u0131 dinamiklere sahip Bili\u015fim, Savunma ve Enerji faaliyet alanlar\u0131nda hizmetlerine devam etmekteyiz.<\/p><p>Kutadgu Enerji olarak Yenilenebilir Enerji alan\u0131nda R\u00fczgar Enerjisi , G\u00fcne\u015f Enerjisi ,\u00a0 Hidroelektrik ve Biyok\u00fctle Santrallerinin anahtar teslim m\u00fchendislik faaliyetlerinin yan\u0131 s\u0131ra bu alanda yat\u0131r\u0131m \u015firketi olarak konumland\u0131rmaktay\u0131z.<\/p><p>Ayr\u0131ca Yaz\u0131l\u0131m olmak \u00fczere Elektronik, Siber G\u00fcvenlik, Bilgi Teknolojileri Dan\u0131\u015fmanl\u0131\u011f\u0131 ve \u0130leti\u015fim Teknolojileri gibi Bili\u015fim alanlar\u0131nda en uygun kurumsal \u00e7\u00f6z\u00fcmleri en y\u00fcksek kalitede \u00fcretmek amac\u0131yla faaliyet g\u00f6stermekteyiz.<\/p><\/div>\n\t\t\t\t<\/div>\n\t\t\t\t\t\t\t<div class=\"elementor-toggle-item\">\n\t\t\t\t\t<div id=\"elementor-tab-title-1482\" class=\"elementor-tab-title\" data-tab=\"2\" role=\"button\" aria-controls=\"elementor-tab-content-1482\" aria-expanded=\"false\">\n\t\t\t\t\t\t\t\t\t\t\t\t<span class=\"elementor-toggle-icon elementor-toggle-icon-left\" aria-hidden=\"true\">\n\t\t\t\t\t\t\t\t\t\t\t\t\t\t\t<span class=\"elementor-toggle-icon-closed\"><svg class=\"e-font-icon-svg e-fas-caret-right\" viewBox=\"0 0 192 512\" xmlns=\"http:\/\/www.w3.org\/2000\/svg\"><path d=\"M0 384.662V127.338c0-17.818 21.543-26.741 34.142-14.142l128.662 128.662c7.81 7.81 7.81 20.474 0 28.284L34.142 398.804C21.543 411.404 0 402.48 0 384.662z\"><\/path><\/svg><\/span>\n\t\t\t\t\t\t\t\t<span class=\"elementor-toggle-icon-opened\"><svg class=\"elementor-toggle-icon-opened e-font-icon-svg e-fas-caret-up\" viewBox=\"0 0 320 512\" xmlns=\"http:\/\/www.w3.org\/2000\/svg\"><path d=\"M288.662 352H31.338c-17.818 0-26.741-21.543-14.142-34.142l128.662-128.662c7.81-7.81 20.474-7.81 28.284 0l128.662 128.662c12.6 12.599 3.676 34.142-14.142 34.142z\"><\/path><\/svg><\/span>\n\t\t\t\t\t\t\t\t\t\t\t\t\t<\/span>\n\t\t\t\t\t\t\t\t\t\t\t\t<a class=\"elementor-toggle-title\" tabindex=\"0\">\u015eirketin Deneyimi Nedir?<\/a>\n\t\t\t\t\t<\/div>\n\n\t\t\t\t\t<div id=\"elementor-tab-content-1482\" class=\"elementor-tab-content elementor-clearfix\" data-tab=\"2\" role=\"region\" aria-labelledby=\"elementor-tab-title-1482\"><p>2013 y\u0131l\u0131nda kurulan Kutadgu Enerji Savunma Bili\u015fim Ticaret Anonim \u015eirketi, Yerel ve ulusal projelerde edinilen tecr\u00fcbelerle, kurumsal \u00e7\u00f6z\u00fcmleri en y\u00fcksek kalitede \u00fcretmek amac\u0131yla \u00a0faaliyet g\u00f6steren bir m\u00fchendislik \u015firketidir.<\/p><p>Microsoft\u2019un ISV \/ Yaz\u0131l\u0131m \u00c7\u00f6z\u00fcmleri Uzman\u0131 olan Kutadgu, Oracle ve IBM gibi d\u00fcnyan\u0131n lider kurulu\u015flar\u0131 ile \u00e7\u00f6z\u00fcm ortakl\u0131klar\u0131na imza atm\u0131\u015ft\u0131r.<\/p><p>Ayr\u0131ca T\u00fcrkiye\u2019de ve d\u00fcnyadan bir\u00e7ok enerji firmas\u0131yla ortak projeler y\u00fcr\u00fctmekteyiz.<\/p><\/div>\n\t\t\t\t<\/div>\n\t\t\t\t\t\t\t<div class=\"elementor-toggle-item\">\n\t\t\t\t\t<div id=\"elementor-tab-title-1483\" class=\"elementor-tab-title\" data-tab=\"3\" role=\"button\" aria-controls=\"elementor-tab-content-1483\" aria-expanded=\"false\">\n\t\t\t\t\t\t\t\t\t\t\t\t<span class=\"elementor-toggle-icon elementor-toggle-icon-left\" aria-hidden=\"true\">\n\t\t\t\t\t\t\t\t\t\t\t\t\t\t\t<span class=\"elementor-toggle-icon-closed\"><svg class=\"e-font-icon-svg e-fas-caret-right\" viewBox=\"0 0 192 512\" xmlns=\"http:\/\/www.w3.org\/2000\/svg\"><path d=\"M0 384.662V127.338c0-17.818 21.543-26.741 34.142-14.142l128.662 128.662c7.81 7.81 7.81 20.474 0 28.284L34.142 398.804C21.543 411.404 0 402.48 0 384.662z\"><\/path><\/svg><\/span>\n\t\t\t\t\t\t\t\t<span class=\"elementor-toggle-icon-opened\"><svg class=\"elementor-toggle-icon-opened e-font-icon-svg e-fas-caret-up\" viewBox=\"0 0 320 512\" xmlns=\"http:\/\/www.w3.org\/2000\/svg\"><path d=\"M288.662 352H31.338c-17.818 0-26.741-21.543-14.142-34.142l128.662-128.662c7.81-7.81 20.474-7.81 28.284 0l128.662 128.662c12.6 12.599 3.676 34.142-14.142 34.142z\"><\/path><\/svg><\/span>\n\t\t\t\t\t\t\t\t\t\t\t\t\t<\/span>\n\t\t\t\t\t\t\t\t\t\t\t\t<a class=\"elementor-toggle-title\" tabindex=\"0\">Kutadgu Enerji Hangi Yeterlilik ve Kalite Belgelerine Sahiptir?<\/a>\n\t\t\t\t\t<\/div>\n\n\t\t\t\t\t<div id=\"elementor-tab-content-1483\" class=\"elementor-tab-content elementor-clearfix\" data-tab=\"3\" role=\"region\" aria-labelledby=\"elementor-tab-title-1483\"><p>Kutadgu Enerji, sekt\u00f6re uygun yeterlilik belgelerine sahip bir firmad\u0131r. ISO 9001:2015 Entegre Y\u00f6netim Sistemi Politikas\u0131, ISO IEC 27001:2017\u00a0 gibi belgelere sahiptir.<\/p><\/div>\n\t\t\t\t<\/div>\n\t\t\t\t\t\t\t<div class=\"elementor-toggle-item\">\n\t\t\t\t\t<div id=\"elementor-tab-title-1484\" class=\"elementor-tab-title\" data-tab=\"4\" role=\"button\" aria-controls=\"elementor-tab-content-1484\" aria-expanded=\"false\">\n\t\t\t\t\t\t\t\t\t\t\t\t<span class=\"elementor-toggle-icon elementor-toggle-icon-left\" aria-hidden=\"true\">\n\t\t\t\t\t\t\t\t\t\t\t\t\t\t\t<span class=\"elementor-toggle-icon-closed\"><svg class=\"e-font-icon-svg e-fas-caret-right\" viewBox=\"0 0 192 512\" xmlns=\"http:\/\/www.w3.org\/2000\/svg\"><path d=\"M0 384.662V127.338c0-17.818 21.543-26.741 34.142-14.142l128.662 128.662c7.81 7.81 7.81 20.474 0 28.284L34.142 398.804C21.543 411.404 0 402.48 0 384.662z\"><\/path><\/svg><\/span>\n\t\t\t\t\t\t\t\t<span class=\"elementor-toggle-icon-opened\"><svg class=\"elementor-toggle-icon-opened e-font-icon-svg e-fas-caret-up\" viewBox=\"0 0 320 512\" xmlns=\"http:\/\/www.w3.org\/2000\/svg\"><path d=\"M288.662 352H31.338c-17.818 0-26.741-21.543-14.142-34.142l128.662-128.662c7.81-7.81 20.474-7.81 28.284 0l128.662 128.662c12.6 12.599 3.676 34.142-14.142 34.142z\"><\/path><\/svg><\/span>\n\t\t\t\t\t\t\t\t\t\t\t\t\t<\/span>\n\t\t\t\t\t\t\t\t\t\t\t\t<a class=\"elementor-toggle-title\" tabindex=\"0\">Enerji Firmas\u0131 \u0130\u00e7in Nas\u0131l Bir Donan\u0131m Gerekli?<\/a>\n\t\t\t\t\t<\/div>\n\n\t\t\t\t\t<div id=\"elementor-tab-content-1484\" class=\"elementor-tab-content elementor-clearfix\" data-tab=\"4\" role=\"region\" aria-labelledby=\"elementor-tab-title-1484\"><p>Enerji sekt\u00f6r\u00fcnden ziyade yaz\u0131l\u0131m firmalar\u0131 i\u00e7in gerekli donan\u0131m, genellikle yaz\u0131l\u0131m geli\u015ftirme, test ve da\u011f\u0131t\u0131m s\u00fcre\u00e7lerini destekleyecek bilgisayar ve ileti\u015fim teknolojilerini i\u00e7ermektedir. Kutadgu Enerji, yaz\u0131l\u0131m sekt\u00f6r\u00fcnde faaliyet g\u00f6steren ve savunma ile bili\u015fim alanlar\u0131nda uzmanla\u015fm\u0131\u015f bir firmad\u0131r.<\/p><p>Yaz\u0131l\u0131m firmas\u0131 olarak, etkin bir \u015fekilde \u00e7al\u0131\u015fabilmek ve m\u00fc\u015fterilere en iyi hizmeti sunabilmek i\u00e7in \u015fu t\u00fcr donan\u0131m ve altyap\u0131ya ihtiya\u00e7 duyar\u0131z.<\/p><\/div>\n\t\t\t\t<\/div>\n\t\t\t\t\t\t\t\t<\/div>\n\t\t\t\t\t\t<\/div>\n\t\t\t\t<\/div>\n\t\t\t\t\t<\/div>\n\t\t\t\t<\/div>\n\t\t<div class=\"elementor-element elementor-element-e32a6b8 e-con-full e-flex e-con e-parent\" data-id=\"e32a6b8\" data-element_type=\"container\">\n\t\t<div class=\"elementor-element elementor-element-a86db3e e-con-full e-flex e-con e-child\" data-id=\"a86db3e\" data-element_type=\"container\">\n\t\t\t\t<div class=\"elementor-element elementor-element-b5c76b8 elementor-widget elementor-widget-toggle\" data-id=\"b5c76b8\" data-element_type=\"widget\" data-widget_type=\"toggle.default\">\n\t\t\t\t<div class=\"elementor-widget-container\">\n\t\t\t\t\t\t\t<div class=\"elementor-toggle\">\n\t\t\t\t\t\t\t<div class=\"elementor-toggle-item\">\n\t\t\t\t\t<div id=\"elementor-tab-title-1901\" class=\"elementor-tab-title\" data-tab=\"1\" role=\"button\" aria-controls=\"elementor-tab-content-1901\" aria-expanded=\"false\">\n\t\t\t\t\t\t\t\t\t\t\t\t<span class=\"elementor-toggle-icon elementor-toggle-icon-left\" aria-hidden=\"true\">\n\t\t\t\t\t\t\t\t\t\t\t\t\t\t\t<span class=\"elementor-toggle-icon-closed\"><svg class=\"e-font-icon-svg e-fas-caret-right\" viewBox=\"0 0 192 512\" xmlns=\"http:\/\/www.w3.org\/2000\/svg\"><path d=\"M0 384.662V127.338c0-17.818 21.543-26.741 34.142-14.142l128.662 128.662c7.81 7.81 7.81 20.474 0 28.284L34.142 398.804C21.543 411.404 0 402.48 0 384.662z\"><\/path><\/svg><\/span>\n\t\t\t\t\t\t\t\t<span class=\"elementor-toggle-icon-opened\"><svg class=\"elementor-toggle-icon-opened e-font-icon-svg e-fas-caret-up\" viewBox=\"0 0 320 512\" xmlns=\"http:\/\/www.w3.org\/2000\/svg\"><path d=\"M288.662 352H31.338c-17.818 0-26.741-21.543-14.142-34.142l128.662-128.662c7.81-7.81 20.474-7.81 28.284 0l128.662 128.662c12.6 12.599 3.676 34.142-14.142 34.142z\"><\/path><\/svg><\/span>\n\t\t\t\t\t\t\t\t\t\t\t\t\t<\/span>\n\t\t\t\t\t\t\t\t\t\t\t\t<a class=\"elementor-toggle-title\" tabindex=\"0\">Enerji Firmas\u0131 Olarak Bize \u00d6zel Geli\u015ftirmeler ve Destek Sa\u011flayabilir Misiniz?<\/a>\n\t\t\t\t\t<\/div>\n\n\t\t\t\t\t<div id=\"elementor-tab-content-1901\" class=\"elementor-tab-content elementor-clearfix\" data-tab=\"1\" role=\"region\" aria-labelledby=\"elementor-tab-title-1901\"><p>Evet, Kutadgu Enerji olarak, m\u00fc\u015fteri ihtiya\u00e7lar\u0131na \u00f6zel \u00e7\u00f6z\u00fcmler sunma konusunda istekliyiz. Projenizin gereksinimlerini de\u011ferlendirecek, \u00f6zel tasar\u0131m ve m\u00fchendislik \u00e7\u00f6z\u00fcmleri geli\u015ftirecek, projenin tesis ve devreye al\u0131m s\u00fcre\u00e7lerini y\u00f6netecek ve i\u015fletme a\u015famas\u0131nda destek sa\u011flayaca\u011f\u0131z. M\u00fc\u015fterilerimize en iyi performans\u0131 ve uzun \u00f6m\u00fcrl\u00fc \u00e7\u00f6z\u00fcmleri garanti etmek i\u00e7in tecr\u00fcbemizi kullan\u0131yoruz.<\/p><\/div>\n\t\t\t\t<\/div>\n\t\t\t\t\t\t\t<div class=\"elementor-toggle-item\">\n\t\t\t\t\t<div id=\"elementor-tab-title-1902\" class=\"elementor-tab-title\" data-tab=\"2\" role=\"button\" aria-controls=\"elementor-tab-content-1902\" aria-expanded=\"false\">\n\t\t\t\t\t\t\t\t\t\t\t\t<span class=\"elementor-toggle-icon elementor-toggle-icon-left\" aria-hidden=\"true\">\n\t\t\t\t\t\t\t\t\t\t\t\t\t\t\t<span class=\"elementor-toggle-icon-closed\"><svg class=\"e-font-icon-svg e-fas-caret-right\" viewBox=\"0 0 192 512\" xmlns=\"http:\/\/www.w3.org\/2000\/svg\"><path d=\"M0 384.662V127.338c0-17.818 21.543-26.741 34.142-14.142l128.662 128.662c7.81 7.81 7.81 20.474 0 28.284L34.142 398.804C21.543 411.404 0 402.48 0 384.662z\"><\/path><\/svg><\/span>\n\t\t\t\t\t\t\t\t<span class=\"elementor-toggle-icon-opened\"><svg class=\"elementor-toggle-icon-opened e-font-icon-svg e-fas-caret-up\" viewBox=\"0 0 320 512\" xmlns=\"http:\/\/www.w3.org\/2000\/svg\"><path d=\"M288.662 352H31.338c-17.818 0-26.741-21.543-14.142-34.142l128.662-128.662c7.81-7.81 20.474-7.81 28.284 0l128.662 128.662c12.6 12.599 3.676 34.142-14.142 34.142z\"><\/path><\/svg><\/span>\n\t\t\t\t\t\t\t\t\t\t\t\t\t<\/span>\n\t\t\t\t\t\t\t\t\t\t\t\t<a class=\"elementor-toggle-title\" tabindex=\"0\">Kutadgu Enerjiden Nas\u0131l Destek Alabilirim?<\/a>\n\t\t\t\t\t<\/div>\n\n\t\t\t\t\t<div id=\"elementor-tab-content-1902\" class=\"elementor-tab-content elementor-clearfix\" data-tab=\"2\" role=\"region\" aria-labelledby=\"elementor-tab-title-1902\"><p>Kutadgu Enerji\u2019den destek almak i\u00e7in, web sitemizdeki ileti\u015fim bilgilerinden bize ula\u015fabilirsiniz. Proje veya ihtiya\u00e7lar\u0131n\u0131z\u0131 payla\u015farak, uzman ekibimiz sizinle ileti\u015fime ge\u00e7ecek ve spesifik gereksinimlerinizi de\u011ferlendirecektir. Bu a\u015famadan sonra, size \u00f6zel \u00e7\u00f6z\u00fcmler ve projeler geli\u015ftirmek \u00fczere i\u015f birli\u011fi yapabiliriz.<\/p><\/div>\n\t\t\t\t<\/div>\n\t\t\t\t\t\t\t\t<\/div>\n\t\t\t\t\t\t<\/div>\n\t\t\t\t<\/div>\n\t\t\t\t<\/div>\n\t\t\t\t<\/div>\n\t\t\t\t<\/div>\n\t\t","protected":false},"excerpt":{"rendered":"<p>S\u0131k\u00e7a Sorulan Sorular Kutadgu Enerjinin \u00c7al\u0131\u015fma Alanlar\u0131 Nelerdir? Kutadgu Enerji Savunma Bili\u015fim Ticaret Anonim \u015eirketi, farkl\u0131 dinamiklere sahip Bili\u015fim, Savunma ve Enerji faaliyet alanlar\u0131nda hizmetlerine devam etmekteyiz. Kutadgu Enerji olarak Yenilenebilir Enerji alan\u0131nda R\u00fczgar Enerjisi , G\u00fcne\u015f Enerjisi ,\u00a0 Hidroelektrik ve Biyok\u00fctle Santrallerinin anahtar teslim m\u00fchendislik faaliyetlerinin yan\u0131 s\u0131ra bu alanda yat\u0131r\u0131m \u015firketi olarak konumland\u0131rmaktay\u0131z. [&hellip;]<\/p>\n","protected":false},"author":1,"featured_media":0,"parent":0,"menu_order":0,"comment_status":"closed","ping_status":"closed","template":"","meta":{"_monsterinsights_skip_tracking":false,"_monsterinsights_sitenote_active":false,"_monsterinsights_sitenote_note":"","_monsterinsights_sitenote_category":0,"footnotes":""},"aioseo_notices":[],"_links":{"self":[{"href":"https:\/\/kutadguenerji.com\/index.php\/wp-json\/wp\/v2\/pages\/2088"}],"collection":[{"href":"https:\/\/kutadguenerji.com\/index.php\/wp-json\/wp\/v2\/pages"}],"about":[{"href":"https:\/\/kutadguenerji.com\/index.php\/wp-json\/wp\/v2\/types\/page"}],"author":[{"embeddable":true,"href":"https:\/\/kutadguenerji.com\/index.php\/wp-json\/wp\/v2\/users\/1"}],"replies":[{"embeddable":true,"href":"https:\/\/kutadguenerji.com\/index.php\/wp-json\/wp\/v2\/comments?post=2088"}],"version-history":[{"count":13,"href":"https:\/\/kutadguenerji.com\/index.php\/wp-json\/wp\/v2\/pages\/2088\/revisions"}],"predecessor-version":[{"id":2442,"href":"https:\/\/kutadguenerji.com\/index.php\/wp-json\/wp\/v2\/pages\/2088\/revisions\/2442"}],"wp:attachment":[{"href":"https:\/\/kutadguenerji.com\/index.php\/wp-json\/wp\/v2\/media?parent=2088"}],"curies":[{"name":"wp","href":"https:\/\/api.w.org\/{rel}","templated":true}]}}