{"id":24,"date":"2023-03-16T10:18:36","date_gmt":"2023-03-16T10:18:36","guid":{"rendered":"http:\/\/bracketweb.com\/insuzwp\/?page_id=24"},"modified":"2024-01-04T08:21:01","modified_gmt":"2024-01-04T08:21:01","slug":"kariyer-2","status":"publish","type":"page","link":"https:\/\/kutadguenerji.com\/index.php\/kariyer-2\/","title":{"rendered":"Kariyer"},"content":{"rendered":"\t\t<div data-elementor-type=\"wp-page\" data-elementor-id=\"24\" class=\"elementor elementor-24\" data-elementor-post-type=\"page\">\n\t\t\t\t<div class=\"elementor-element elementor-element-e673405 e-flex e-con-boxed e-con e-parent\" data-id=\"e673405\" data-element_type=\"container\">\n\t\t\t\t\t<div class=\"e-con-inner\">\n\t\t\t\t\t<\/div>\n\t\t\t\t<\/div>\n\t\t<div class=\"elementor-element elementor-element-f68e622 e-flex e-con-boxed e-con e-parent\" data-id=\"f68e622\" data-element_type=\"container\">\n\t\t\t\t\t<div class=\"e-con-inner\">\n\t\t\t\t<div class=\"elementor-element elementor-element-ea42d2c elementor-widget elementor-widget-heading\" data-id=\"ea42d2c\" data-element_type=\"widget\" data-widget_type=\"heading.default\">\n\t\t\t\t<div class=\"elementor-widget-container\">\n\t\t\t\t\t<h2 class=\"elementor-heading-title elementor-size-default\">KAR\u0130YER POL\u0130T\u0130KAMIZ<\/h2>\t\t\t\t<\/div>\n\t\t\t\t<\/div>\n\t\t\t\t\t<\/div>\n\t\t\t\t<\/div>\n\t\t<div class=\"elementor-element elementor-element-f06204c e-flex e-con-boxed e-con e-parent\" data-id=\"f06204c\" data-element_type=\"container\">\n\t\t\t\t\t<div class=\"e-con-inner\">\n\t\t\t\t<div class=\"elementor-element elementor-element-b3f8ac0 elementor-widget elementor-widget-text-editor\" data-id=\"b3f8ac0\" data-element_type=\"widget\" data-widget_type=\"text-editor.default\">\n\t\t\t\t<div class=\"elementor-widget-container\">\n\t\t\t\t\t\t\t\t\t<p>\u0130nsan kaynaklar\u0131 uygulamalar\u0131m\u0131z\u0131n temelinde, insan haklar\u0131na sayg\u0131y\u0131 esas almaktay\u0131z.<\/p><p>T\u00fcm \u00e7al\u0131\u015fanlar aras\u0131nda sevgi, sayg\u0131, e\u015fitlik, g\u00fcven, anlay\u0131\u015f, dayan\u0131\u015fma ba\u011f\u0131n\u0131 olu\u015fturacak i\u015f ortam\u0131n\u0131 sa\u011flamak, insan kaynaklar\u0131 politikam\u0131z\u0131n temel hedeflerinin ba\u015f\u0131nda gelmektedir.<\/p><p>\u0130nsan g\u00fcc\u00fcm\u00fcz\u00fc s\u00fcrekli geli\u015ftirmek ve global rekabet ortam\u0131nda kal\u0131c\u0131 \u00fcst\u00fcnl\u00fc\u011f\u00fcm\u00fcz haline getirmek amac\u0131yla \u00e7al\u0131\u015fanlar\u0131m\u0131z\u0131n yeteneklerine sayg\u0131l\u0131 bir kurum k\u00fclt\u00fcr\u00fc olu\u015fturman\u0131n, onlar\u0131n potansiyellerini geli\u015ftirmelerine yard\u0131mc\u0131 olaca\u011f\u0131na inanmaktay\u0131z.<\/p><p>\u0130stihdam s\u00fcre\u00e7lerimizde, \u0131rk, din, dil, cinsiyet, d\u00fcnya g\u00f6r\u00fc\u015f\u00fc gibi konularda herhangi bir ayr\u0131m g\u00f6zetmeksizin, g\u00f6revinin gerektirdi\u011fi bilgi ve beceriye sahip kaliteli insan g\u00fcc\u00fcn\u00fc b\u00fcnyemize kazand\u0131rmay\u0131 ama\u00e7l\u0131yoruz.<\/p><p>\u00c7al\u0131\u015fan profilimiz; bilgi \u00fcreten, \u00e7\u00f6z\u00fcm odakl\u0131, geli\u015fime a\u00e7\u0131k, i\u015f s\u00fcre\u00e7lerine etkin kat\u0131l\u0131m ger\u00e7ekle\u015ftirebilen, sorumluluk alabilen bireylerden olu\u015fmaktad\u0131r.<\/p><p>T\u00fcm \u00e7al\u0131\u015fan ya\u015fam d\u00f6ng\u00fcs\u00fcn\u00fc destekleyebilme uygulamalar\u0131m\u0131z\u0131n planlanmas\u0131 ve y\u00f6netilmesi kapsam\u0131nda, ya\u015fam boyu \u00f6\u011frenimi ve f\u0131rsat e\u015fitli\u011fini te\u015fvik eden bir \u00e7al\u0131\u015fma ortam\u0131 yaratarak, kat\u0131l\u0131m\u0131n ve \u00e7e\u015fitlili\u011fin de\u011fer g\u00f6rd\u00fc\u011f\u00fc bir \u015firket olma hedefini benimsiyoruz.<\/p><p>\u015eirketimizi gelece\u011fe ta\u015f\u0131yacak, nitelikli i\u015f g\u00fcc\u00fcn\u00fcn bir par\u00e7as\u0131 olmak isterseniz, anla\u015fmal\u0131 oldu\u011fumuz kariyer.net ve linkedin.com internet siteleri arac\u0131l\u0131\u011f\u0131yla ya da\u00a0<strong>\u2018\u2018<a href=\"mailto:ik@kutadgubilisim.com\">ik@kutadgubilisim.com<\/a>\u2019\u2019<\/strong>\u00a0adresine mail atarak ba\u015fvurunuzu ger\u00e7ekle\u015ftirebilirsiniz.<\/p>\t\t\t\t\t\t\t\t<\/div>\n\t\t\t\t<\/div>\n\t\t\t\t\t<\/div>\n\t\t\t\t<\/div>\n\t\t\t\t<\/div>\n\t\t","protected":false},"excerpt":{"rendered":"<p>KAR\u0130YER POL\u0130T\u0130KAMIZ \u0130nsan kaynaklar\u0131 uygulamalar\u0131m\u0131z\u0131n temelinde, insan haklar\u0131na sayg\u0131y\u0131 esas almaktay\u0131z. T\u00fcm \u00e7al\u0131\u015fanlar aras\u0131nda sevgi, sayg\u0131, e\u015fitlik, g\u00fcven, anlay\u0131\u015f, dayan\u0131\u015fma ba\u011f\u0131n\u0131 olu\u015fturacak i\u015f ortam\u0131n\u0131 sa\u011flamak, insan kaynaklar\u0131 politikam\u0131z\u0131n temel hedeflerinin ba\u015f\u0131nda gelmektedir. \u0130nsan g\u00fcc\u00fcm\u00fcz\u00fc s\u00fcrekli geli\u015ftirmek ve global rekabet ortam\u0131nda kal\u0131c\u0131 \u00fcst\u00fcnl\u00fc\u011f\u00fcm\u00fcz haline getirmek amac\u0131yla \u00e7al\u0131\u015fanlar\u0131m\u0131z\u0131n yeteneklerine sayg\u0131l\u0131 bir kurum k\u00fclt\u00fcr\u00fc olu\u015fturman\u0131n, onlar\u0131n potansiyellerini geli\u015ftirmelerine [&hellip;]<\/p>\n","protected":false},"author":1,"featured_media":0,"parent":0,"menu_order":0,"comment_status":"closed","ping_status":"closed","template":"","meta":{"_monsterinsights_skip_tracking":false,"_monsterinsights_sitenote_active":false,"_monsterinsights_sitenote_note":"","_monsterinsights_sitenote_category":0,"footnotes":""},"aioseo_notices":[],"_links":{"self":[{"href":"https:\/\/kutadguenerji.com\/index.php\/wp-json\/wp\/v2\/pages\/24"}],"collection":[{"href":"https:\/\/kutadguenerji.com\/index.php\/wp-json\/wp\/v2\/pages"}],"about":[{"href":"https:\/\/kutadguenerji.com\/index.php\/wp-json\/wp\/v2\/types\/page"}],"author":[{"embeddable":true,"href":"https:\/\/kutadguenerji.com\/index.php\/wp-json\/wp\/v2\/users\/1"}],"replies":[{"embeddable":true,"href":"https:\/\/kutadguenerji.com\/index.php\/wp-json\/wp\/v2\/comments?post=24"}],"version-history":[{"count":6,"href":"https:\/\/kutadguenerji.com\/index.php\/wp-json\/wp\/v2\/pages\/24\/revisions"}],"predecessor-version":[{"id":1786,"href":"https:\/\/kutadguenerji.com\/index.php\/wp-json\/wp\/v2\/pages\/24\/revisions\/1786"}],"wp:attachment":[{"href":"https:\/\/kutadguenerji.com\/index.php\/wp-json\/wp\/v2\/media?parent=24"}],"curies":[{"name":"wp","href":"https:\/\/api.w.org\/{rel}","templated":true}]}}