{"id":25,"date":"2023-03-16T10:18:36","date_gmt":"2023-03-16T10:18:36","guid":{"rendered":"http:\/\/bracketweb.com\/insuzwp\/?page_id=25"},"modified":"2024-02-02T13:47:55","modified_gmt":"2024-02-02T13:47:55","slug":"faaliyet-alanlari","status":"publish","type":"page","link":"https:\/\/kutadguenerji.com\/index.php\/faaliyet-alanlari\/","title":{"rendered":"Faaliyet Alanlar\u0131"},"content":{"rendered":"\t\t<div data-elementor-type=\"wp-page\" data-elementor-id=\"25\" class=\"elementor elementor-25\" data-elementor-post-type=\"page\">\n\t\t\t\t<div class=\"elementor-element elementor-element-4ab943f e-flex e-con-boxed e-con e-parent\" data-id=\"4ab943f\" data-element_type=\"container\">\n\t\t\t\t\t<div class=\"e-con-inner\">\n\t\t\t\t\t<\/div>\n\t\t\t\t<\/div>\n\t\t<div class=\"elementor-element elementor-element-f6abd03 e-flex e-con-boxed e-con e-parent\" data-id=\"f6abd03\" data-element_type=\"container\">\n\t\t\t\t\t<div class=\"e-con-inner\">\n\t\t\t\t<div class=\"elementor-element elementor-element-f2f1e55 elementor-widget elementor-widget-heading\" data-id=\"f2f1e55\" data-element_type=\"widget\" data-widget_type=\"heading.default\">\n\t\t\t\t<div class=\"elementor-widget-container\">\n\t\t\t\t\t<h2 class=\"elementor-heading-title elementor-size-default\">EPC (Engineering Procurement and Construction)<\/h2>\t\t\t\t<\/div>\n\t\t\t\t<\/div>\n\t\t\t\t\t<\/div>\n\t\t\t\t<\/div>\n\t\t<div class=\"elementor-element elementor-element-eda92c3 e-flex e-con-boxed e-con e-parent\" data-id=\"eda92c3\" data-element_type=\"container\">\n\t\t\t\t\t<div class=\"e-con-inner\">\n\t\t<div class=\"elementor-element elementor-element-db109de e-con-full e-flex e-con e-child\" data-id=\"db109de\" data-element_type=\"container\">\n\t\t\t\t<div class=\"elementor-element elementor-element-b6bdaa8 elementor-widget elementor-widget-text-editor\" data-id=\"b6bdaa8\" data-element_type=\"widget\" data-widget_type=\"text-editor.default\">\n\t\t\t\t<div class=\"elementor-widget-container\">\n\t\t\t\t\t\t\t\t\t<p>Modern d\u00fcnyada, enerji ihtiyac\u0131n\u0131n s\u00fcrekli artmas\u0131yla birlikte, do\u011fal kaynaklar\u0131m\u0131z\u0131n s\u0131n\u0131rl\u0131 oldu\u011fu ger\u00e7e\u011fiyle y\u00fczle\u015fiyoruz. Bu nedenle, enerji t\u00fcketimimizi dengelemek ve \u00e7evreye daha az zarar vermek amac\u0131yla yenilenebilir enerji kaynaklar\u0131na y\u00f6nelmek, sadece bir tercih de\u011fil, ayn\u0131 zamanda bir zorunluluktur. Bu noktada, Kutadgu Enerji olarak bizler, faaliyet alanlar\u0131m\u0131z\u0131 yenilenebilir enerji ile g\u00fc\u00e7lendirerek gelecek nesiller i\u00e7in s\u00fcrd\u00fcr\u00fclebilir bir d\u00fcnya in\u015fa etmeyi taahh\u00fct ediyoruz.<\/p><p>Kutadgu Enerji olarak faaliyet alanlar\u0131m\u0131z\u0131, G\u00fcne\u015f Enerjisi Santralleri (GES), Hidroelektrik Santraller (HES), R\u00fczgar Enerjisi Santralleri (RES) ve Biyok\u00fctle Enerjisi Santralleri (BES) ile \u00e7e\u015fitlendirerek, s\u00fcrd\u00fcr\u00fclebilir bir enerji gelece\u011fine katk\u0131 sa\u011fl\u0131yoruz.<\/p><p>\u00a0<\/p>\t\t\t\t\t\t\t\t<\/div>\n\t\t\t\t<\/div>\n\t\t\t\t<\/div>\n\t\t<div class=\"elementor-element elementor-element-337ea80 e-con-full e-flex e-con e-child\" data-id=\"337ea80\" data-element_type=\"container\">\n\t\t\t\t<div class=\"elementor-element elementor-element-725366e elementor-widget elementor-widget-image\" data-id=\"725366e\" data-element_type=\"widget\" data-settings=\"{&quot;motion_fx_motion_fx_mouse&quot;:&quot;yes&quot;,&quot;motion_fx_tilt_effect&quot;:&quot;yes&quot;,&quot;motion_fx_tilt_speed&quot;:{&quot;unit&quot;:&quot;px&quot;,&quot;size&quot;:4,&quot;sizes&quot;:[]}}\" data-widget_type=\"image.default\">\n\t\t\t\t<div class=\"elementor-widget-container\">\n\t\t\t\t\t\t\t\t\t\t\t\t\t\t\t<img fetchpriority=\"high\" decoding=\"async\" width=\"640\" height=\"427\" src=\"https:\/\/kutadguenerji.com\/wp-content\/uploads\/2024\/02\/yellow-safety-helmet-solar-cell-panel-1024x683.jpg\" class=\"attachment-large size-large wp-image-2559\" alt=\"\" srcset=\"https:\/\/kutadguenerji.com\/wp-content\/uploads\/2024\/02\/yellow-safety-helmet-solar-cell-panel-1024x683.jpg 1024w, https:\/\/kutadguenerji.com\/wp-content\/uploads\/2024\/02\/yellow-safety-helmet-solar-cell-panel-300x200.jpg 300w, https:\/\/kutadguenerji.com\/wp-content\/uploads\/2024\/02\/yellow-safety-helmet-solar-cell-panel-768x513.jpg 768w, https:\/\/kutadguenerji.com\/wp-content\/uploads\/2024\/02\/yellow-safety-helmet-solar-cell-panel-1536x1025.jpg 1536w, https:\/\/kutadguenerji.com\/wp-content\/uploads\/2024\/02\/yellow-safety-helmet-solar-cell-panel-2048x1367.jpg 2048w\" sizes=\"(max-width: 640px) 100vw, 640px\" \/>\t\t\t\t\t\t\t\t\t\t\t\t\t\t\t<\/div>\n\t\t\t\t<\/div>\n\t\t\t\t<\/div>\n\t\t\t\t\t<\/div>\n\t\t\t\t<\/div>\n\t\t<div class=\"elementor-element elementor-element-1329b30 e-con-full e-flex e-con e-parent\" data-id=\"1329b30\" data-element_type=\"container\">\n\t\t\t\t<div class=\"elementor-element elementor-element-9e6c96a elementor-widget elementor-widget-text-editor\" data-id=\"9e6c96a\" data-element_type=\"widget\" data-widget_type=\"text-editor.default\">\n\t\t\t\t<div class=\"elementor-widget-container\">\n\t\t\t\t\t\t\t\t\t<p>Kutadgu Enerji , alternatif enerji sistemlerinde anahtar teslimi, g\u00f6t\u00fcr\u00fc bedelli M\u00fchendislik-Tedarik-Yap\u0131m (EPC) taahh\u00fcd\u00fc olarak tamamlay\u0131p, kurulum sonras\u0131 devreye alma i\u015fletme s\u00fcrecini y\u00fcklenmekteyiz.Uzman ekiplerimiz projeler ile ilgili t\u00fcm planlama, \u00fcretim analiz hesaplamalar\u0131, uygulama ve santralin \u015febekeye ba\u011flanmas\u0131 a\u015famalar\u0131nda m\u00fchendislik ve kurulum s\u00fcre\u00e7lerinde yat\u0131r\u0131mc\u0131lar\u0131m\u0131z i\u00e7in en do\u011fru, en verimli ve fizibilitesi en uygun sistemi sunmay\u0131 kendine ilke edinmi\u015ftir.\u00a0<\/p>\t\t\t\t\t\t\t\t<\/div>\n\t\t\t\t<\/div>\n\t\t\t\t<\/div>\n\t\t<div class=\"elementor-element elementor-element-d9f32d8 e-flex e-con-boxed e-con e-parent\" data-id=\"d9f32d8\" data-element_type=\"container\">\n\t\t\t\t\t<div class=\"e-con-inner\">\n\t\t\t\t<div class=\"elementor-element elementor-element-63854a3 elementor-widget elementor-widget-image\" data-id=\"63854a3\" data-element_type=\"widget\" data-widget_type=\"image.default\">\n\t\t\t\t<div class=\"elementor-widget-container\">\n\t\t\t\t\t\t\t\t\t\t\t\t\t\t\t<img decoding=\"async\" width=\"640\" height=\"274\" src=\"https:\/\/kutadguenerji.com\/wp-content\/uploads\/2024\/02\/Vektor_Ikonlar-01-1-1024x439.png\" class=\"attachment-large size-large wp-image-2558\" alt=\"\" srcset=\"https:\/\/kutadguenerji.com\/wp-content\/uploads\/2024\/02\/Vektor_Ikonlar-01-1-1024x439.png 1024w, https:\/\/kutadguenerji.com\/wp-content\/uploads\/2024\/02\/Vektor_Ikonlar-01-1-300x128.png 300w, https:\/\/kutadguenerji.com\/wp-content\/uploads\/2024\/02\/Vektor_Ikonlar-01-1-768x329.png 768w, https:\/\/kutadguenerji.com\/wp-content\/uploads\/2024\/02\/Vektor_Ikonlar-01-1-1536x658.png 1536w, https:\/\/kutadguenerji.com\/wp-content\/uploads\/2024\/02\/Vektor_Ikonlar-01-1-2048x877.png 2048w\" sizes=\"(max-width: 640px) 100vw, 640px\" \/>\t\t\t\t\t\t\t\t\t\t\t\t\t\t\t<\/div>\n\t\t\t\t<\/div>\n\t\t\t\t\t<\/div>\n\t\t\t\t<\/div>\n\t\t\t\t<\/div>\n\t\t","protected":false},"excerpt":{"rendered":"<p>EPC (Engineering Procurement and Construction) Modern d\u00fcnyada, enerji ihtiyac\u0131n\u0131n s\u00fcrekli artmas\u0131yla birlikte, do\u011fal kaynaklar\u0131m\u0131z\u0131n s\u0131n\u0131rl\u0131 oldu\u011fu ger\u00e7e\u011fiyle y\u00fczle\u015fiyoruz. Bu nedenle, enerji t\u00fcketimimizi dengelemek ve \u00e7evreye daha az zarar vermek amac\u0131yla yenilenebilir enerji kaynaklar\u0131na y\u00f6nelmek, sadece bir tercih de\u011fil, ayn\u0131 zamanda bir zorunluluktur. Bu noktada, Kutadgu Enerji olarak bizler, faaliyet alanlar\u0131m\u0131z\u0131 yenilenebilir enerji ile g\u00fc\u00e7lendirerek gelecek [&hellip;]<\/p>\n","protected":false},"author":1,"featured_media":0,"parent":0,"menu_order":0,"comment_status":"closed","ping_status":"closed","template":"","meta":{"_monsterinsights_skip_tracking":false,"_monsterinsights_sitenote_active":false,"_monsterinsights_sitenote_note":"","_monsterinsights_sitenote_category":0,"footnotes":""},"aioseo_notices":[],"_links":{"self":[{"href":"https:\/\/kutadguenerji.com\/index.php\/wp-json\/wp\/v2\/pages\/25"}],"collection":[{"href":"https:\/\/kutadguenerji.com\/index.php\/wp-json\/wp\/v2\/pages"}],"about":[{"href":"https:\/\/kutadguenerji.com\/index.php\/wp-json\/wp\/v2\/types\/page"}],"author":[{"embeddable":true,"href":"https:\/\/kutadguenerji.com\/index.php\/wp-json\/wp\/v2\/users\/1"}],"replies":[{"embeddable":true,"href":"https:\/\/kutadguenerji.com\/index.php\/wp-json\/wp\/v2\/comments?post=25"}],"version-history":[{"count":49,"href":"https:\/\/kutadguenerji.com\/index.php\/wp-json\/wp\/v2\/pages\/25\/revisions"}],"predecessor-version":[{"id":2565,"href":"https:\/\/kutadguenerji.com\/index.php\/wp-json\/wp\/v2\/pages\/25\/revisions\/2565"}],"wp:attachment":[{"href":"https:\/\/kutadguenerji.com\/index.php\/wp-json\/wp\/v2\/media?parent=25"}],"curies":[{"name":"wp","href":"https:\/\/api.w.org\/{rel}","templated":true}]}}